{"id":1482,"date":"2022-06-28T07:16:55","date_gmt":"2022-06-28T07:16:55","guid":{"rendered":"https:\/\/hoel-gaard.no\/activities\/"},"modified":"2025-09-08T07:01:13","modified_gmt":"2025-09-08T07:01:13","slug":"activities","status":"publish","type":"page","link":"https:\/\/hoel-gaard.no\/en\/activities\/","title":{"rendered":"Activities"},"content":{"rendered":"<div class=\"gb-grid-wrapper gb-grid-wrapper-bd9be972 gb-grid-wrapper-44dce09e\">\n<div class=\"gb-grid-column gb-grid-column-0974aa1b\"><div class=\"gb-container gb-container-0974aa1b\"><div class=\"gb-inside-container\">\n\n<figure class=\"gb-block-image gb-block-image-a2e873d6\"><img decoding=\"async\" width=\"1280\" height=\"1920\" class=\"gb-image gb-image-a2e873d6 gb-image-grid-image\" src=\"https:\/\/hoel-gaard.no\/wp-content\/uploads\/2025\/06\/Golf_hoel__017.jpg\" alt=\"\" title=\"Golf_hoel__017\" srcset=\"https:\/\/hoel-gaard.no\/wp-content\/uploads\/2025\/06\/Golf_hoel__017.jpg 1280w, https:\/\/hoel-gaard.no\/wp-content\/uploads\/2025\/06\/Golf_hoel__017-200x300.jpg 200w, https:\/\/hoel-gaard.no\/wp-content\/uploads\/2025\/06\/Golf_hoel__017-683x1024.jpg 683w, https:\/\/hoel-gaard.no\/wp-content\/uploads\/2025\/06\/Golf_hoel__017-768x1152.jpg 768w, https:\/\/hoel-gaard.no\/wp-content\/uploads\/2025\/06\/Golf_hoel__017-1024x1536.jpg 1024w\" sizes=\"(max-width: 1280px) 100vw, 1280px\" \/><\/figure>\n\n<\/div><\/div><\/div>\n\n<div class=\"gb-grid-column gb-grid-column-e7f9e8ce\"><div class=\"gb-container gb-container-e7f9e8ce\"><div class=\"gb-inside-container\">\n\n<h2 class=\"gb-headline gb-headline-d05222fe gb-headline-text\"><em>&#8220;HOEL&#8221; IN ONE<\/em><\/h2>\n\n\n\n<p><em>We have three tee mats in different places in the yard. The tee goes to the same hole. 100 meters, 75 meters and 35 meters. Take your pitch with you for a few beats between meetings and dinner to challenge a colleague or friend.<\/em><\/p>\n\n\n\n<p><em>If you&#8217;re looking for more of a challenge, there are two great 18-hole courses within 30 minutes of the farm.  <\/em><\/p>\n\n\n<div class=\"gb-container gb-container-ef29e7c5\">\n\n<p class=\"ingress faktaboks\"><strong>18-hole courses in the area:<\/strong><\/p>\n\n\n\n<p class=\"ingress faktaboks\">Mj\u00f8sen Golfklubb<a href=\"https:\/\/msgk.no\/\" target=\"_blank\" rel=\"noreferrer noopener\">(Mj\u00f8sen Golf Club)<\/a>&#8211; park and forest course with great views.<\/p>\n\n\n\n<p class=\"ingress faktaboks\">Atlungstad Golfklubb<a href=\"https:\/\/atlungstadgolf.no\/\" target=\"_blank\" rel=\"noreferrer noopener\">(Atlungstad Golf Club)<\/a>&#8211; open parkland course right down by Lake Mj\u00f8sa.<\/p>\n\n<\/div>\n<\/div><\/div><\/div>\n<\/div><div class=\"gb-grid-wrapper gb-grid-wrapper-c01e4538 gb-grid-wrapper-44dce09e\">\n<div class=\"gb-grid-column gb-grid-column-15359308\"><div class=\"gb-container gb-container-15359308\"><div class=\"gb-inside-container\">\n\n<h2 class=\"gb-headline gb-headline-5cf33c9d gb-headline-text\"><em>A LOT TO DO FOR THOSE<br>WHO WANT TO DO A LOT<\/em>.<\/h2>\n\n\n\n<p><em>Experience Nes and beautiful Helg\u00f8ya from <a href=\"https:\/\/mjossykling.no\/\" data-type=\"link\" data-id=\"https:\/\/mjossykling.no\/\">the seat of your bike<\/a>! As a guest at Hoel G\u00e5rd, you can easily rent electric bikes and embark on an unforgettable trip through the cultural landscape.  <\/em><\/p>\n\n\n\n<p><em>Along the way, charming farm caf\u00e9s, historic gardens and small, tempting stops await. A perfect way to experience the tranquillity of the countryside &#8211; at your own pace.   <\/em><\/p>\n\n\n<div class=\"gb-container gb-container-36c6a93f\">\n\n<p><em>Book in advance to secure your bike, or book on arrival.  <\/em><\/p>\n\n\n\n<p class=\"ingress faktaboks\"><strong>Prices<\/strong><\/p>\n\n\n\n<p class=\"ingress faktaboks\">Bike rental &#8211; 600,- per person<\/p>\n\n<\/div>\n<\/div><\/div><\/div>\n\n<div class=\"gb-grid-column gb-grid-column-be01f463\"><div class=\"gb-container gb-container-be01f463\"><div class=\"gb-inside-container\">\n\n<figure class=\"gb-block-image gb-block-image-a75dd9e0\"><img decoding=\"async\" width=\"2048\" height=\"2560\" class=\"gb-image gb-image-a75dd9e0 gb-image-grid-image\" src=\"https:\/\/hoel-gaard.no\/wp-content\/uploads\/2025\/05\/oivindhaug_Hoel_Gard_22-06-14_1535-2.jpg\" alt=\"\" title=\"Hoel g\u00e5rd\" srcset=\"https:\/\/hoel-gaard.no\/wp-content\/uploads\/2025\/05\/oivindhaug_Hoel_Gard_22-06-14_1535-2.jpg 2048w, https:\/\/hoel-gaard.no\/wp-content\/uploads\/2025\/05\/oivindhaug_Hoel_Gard_22-06-14_1535-2-240x300.jpg 240w, https:\/\/hoel-gaard.no\/wp-content\/uploads\/2025\/05\/oivindhaug_Hoel_Gard_22-06-14_1535-2-819x1024.jpg 819w, https:\/\/hoel-gaard.no\/wp-content\/uploads\/2025\/05\/oivindhaug_Hoel_Gard_22-06-14_1535-2-768x960.jpg 768w, https:\/\/hoel-gaard.no\/wp-content\/uploads\/2025\/05\/oivindhaug_Hoel_Gard_22-06-14_1535-2-1229x1536.jpg 1229w, https:\/\/hoel-gaard.no\/wp-content\/uploads\/2025\/05\/oivindhaug_Hoel_Gard_22-06-14_1535-2-1638x2048.jpg 1638w\" sizes=\"(max-width: 2048px) 100vw, 2048px\" \/><\/figure>\n\n<\/div><\/div><\/div>\n<\/div><div class=\"gb-container gb-container-6e085524 gb-container-base\"><div class=\"gb-inside-container\">\n<div class=\"gb-grid-wrapper gb-grid-wrapper-a4a67b5a gb-grid-wrapper-44dce09e\">\n<div class=\"gb-grid-column gb-grid-column-45797867\"><div class=\"gb-container gb-container-45797867\"><div class=\"gb-inside-container\">\n\n<figure class=\"gb-block-image gb-block-image-55ca6ef7\"><img decoding=\"async\" width=\"2560\" height=\"1707\" class=\"gb-image gb-image-55ca6ef7 gb-image-grid-image\" src=\"https:\/\/hoel-gaard.no\/wp-content\/uploads\/2022\/06\/oivindhaug_Hoel_Gard_22-06-14_1304-scaled.jpg\" alt=\"\" title=\"Hoel g\u00e5rd\" srcset=\"https:\/\/hoel-gaard.no\/wp-content\/uploads\/2022\/06\/oivindhaug_Hoel_Gard_22-06-14_1304-scaled.jpg 2560w, https:\/\/hoel-gaard.no\/wp-content\/uploads\/2022\/06\/oivindhaug_Hoel_Gard_22-06-14_1304-300x200.jpg 300w, https:\/\/hoel-gaard.no\/wp-content\/uploads\/2022\/06\/oivindhaug_Hoel_Gard_22-06-14_1304-1024x683.jpg 1024w, https:\/\/hoel-gaard.no\/wp-content\/uploads\/2022\/06\/oivindhaug_Hoel_Gard_22-06-14_1304-768x512.jpg 768w, https:\/\/hoel-gaard.no\/wp-content\/uploads\/2022\/06\/oivindhaug_Hoel_Gard_22-06-14_1304-1536x1024.jpg 1536w, https:\/\/hoel-gaard.no\/wp-content\/uploads\/2022\/06\/oivindhaug_Hoel_Gard_22-06-14_1304-2048x1366.jpg 2048w\" sizes=\"(max-width: 2560px) 100vw, 2560px\" \/><\/figure>\n\n<\/div><\/div><\/div>\n\n<div class=\"gb-grid-column gb-grid-column-df9d216d\"><div class=\"gb-container gb-container-df9d216d\"><div class=\"gb-inside-container\">\n<div class=\"gb-container gb-container-00fceb3e\">\n\n<h2 class=\"gb-headline gb-headline-64c6055d gb-headline-text\"><em>\u00abAt Hoel G\u00e5rd, Nes and Helg\u00f8ya there are several opportunities to experience something new every day.\u00bb<\/em><\/h2>\n\n<\/div>\n<\/div><\/div><\/div>\n<\/div>\n<\/div><\/div><div class=\"gb-container gb-container-e294a947 gb-container-base\"><div class=\"gb-inside-container\">\n<div class=\"gb-grid-wrapper gb-grid-wrapper-09f1cb67 gb-grid-wrapper-44dce09e\">\n<div class=\"gb-grid-column gb-grid-column-75857c35\"><div class=\"gb-container gb-container-75857c35\"><div class=\"gb-inside-container\">\n\n<p><em>Here&#8217;s something more to do near the farm and within a 15-minute drive. We can arrange transport to and from these places.<\/em><\/p>\n\n\n\n<p><em>Climbing park &#8211; <a href=\"https:\/\/www.helgoyaklatrepark.no\">Helg\u00f8ya Klatrepark<\/a><br\/>Lunch place &#8211; <a href=\"https:\/\/www.facebook.com\/p\/Skafferiet-Baker-Kristiansen-100092563748787\/\">Skafferiet Baker Kristiansen<\/a><br\/>Local clothing designer &#8211; <a href=\"https:\/\/edeldesign.as\">Edel Design<\/a><br\/>Local restaurant &#8211; <a href=\"https:\/\/bolstad-restaurant.no\/?gad_source=1&amp;gclid=CjwKCAjwnqK1BhBvEiwAi7o0XzyRQCGdV4P1u_BeuQ8HzskLqbJlB_RLgv0p-vaGjWeh8X82okiC5hoCgYAQAvD_BwE\">Bolstad Restaurant<\/a><br\/>Guided tour of historic garden &#8211; <a href=\"https:\/\/hovelsrud.no\/hagen\/\">Hovelsrudhagen<\/a><br\/>Tourist office &#8211; <a href=\"https:\/\/www.infoteket.no\">Infoteket<\/a><br\/>Wheel steamer on Lake Mj\u00f8sa &#8211; <a href=\"https:\/\/www.skibladner.no\/hjem\">Skibladner<\/a><br\/>Route and charter boat on Lake Mj\u00f8sa &#8211; <a href=\"https:\/\/www.destinasjonsservice.no\/mjoscharter\/\">Mj\u00f8scharter<br\/>Destination company &#8211; Mj\u00f8scharter<\/a>         <\/em><a href=\"https:\/\/www.visit-innlandet.no\"><em>Visit Eastern Norway<\/em><\/a><em><br\/>What to do at Nes &amp; Helg\u00f8ya &#8211; <a href=\"https:\/\/www.midtimjosa.no\/\">In the middle of Mj\u00f8sa<\/a><\/em><br\/><em>Interior shop with soul<\/em> &#8211; <a href=\"https:\/\/www.instagram.com\/myrsveenslandhandleri\/\" data-type=\"URL\" data-id=\"https:\/\/www.instagram.com\/myrsveenslandhandleri\/\"><em>Myrsveens Landhandleri<\/em><\/a> <\/p>\n\n<\/div><\/div><\/div>\n\n<div class=\"gb-grid-column gb-grid-column-031f1537\"><div class=\"gb-container gb-container-031f1537\"><div class=\"gb-inside-container\">\n\n<figure class=\"gb-block-image gb-block-image-6950bb86\"><img decoding=\"async\" width=\"2560\" height=\"1707\" class=\"gb-image gb-image-6950bb86 gb-image-grid-image\" src=\"https:\/\/hoel-gaard.no\/wp-content\/uploads\/2022\/06\/oivindhaug_Hoel_Gard_22-06-14_1286-scaled.jpg\" alt=\"\" title=\"Hoel g\u00e5rd\" srcset=\"https:\/\/hoel-gaard.no\/wp-content\/uploads\/2022\/06\/oivindhaug_Hoel_Gard_22-06-14_1286-scaled.jpg 2560w, https:\/\/hoel-gaard.no\/wp-content\/uploads\/2022\/06\/oivindhaug_Hoel_Gard_22-06-14_1286-300x200.jpg 300w, https:\/\/hoel-gaard.no\/wp-content\/uploads\/2022\/06\/oivindhaug_Hoel_Gard_22-06-14_1286-1024x683.jpg 1024w, https:\/\/hoel-gaard.no\/wp-content\/uploads\/2022\/06\/oivindhaug_Hoel_Gard_22-06-14_1286-768x512.jpg 768w, https:\/\/hoel-gaard.no\/wp-content\/uploads\/2022\/06\/oivindhaug_Hoel_Gard_22-06-14_1286-1536x1024.jpg 1536w, https:\/\/hoel-gaard.no\/wp-content\/uploads\/2022\/06\/oivindhaug_Hoel_Gard_22-06-14_1286-2048x1365.jpg 2048w\" sizes=\"(max-width: 2560px) 100vw, 2560px\" \/><\/figure>\n\n<\/div><\/div><\/div>\n<\/div>\n<\/div><\/div><div class=\"gb-container gb-container-2ad7e611 gb-container-base\"><div class=\"gb-inside-container\">\n<div class=\"gb-grid-wrapper gb-grid-wrapper-094522fe gb-grid-wrapper-44dce09e\">\n<div class=\"gb-grid-column gb-grid-column-e64d6398\"><div class=\"gb-container gb-container-e64d6398\"><div class=\"gb-inside-container\">\n\n<figure class=\"gb-block-image gb-block-image-f8a2d3f5\"><img decoding=\"async\" width=\"2560\" height=\"1707\" class=\"gb-image gb-image-f8a2d3f5 gb-image-grid-image\" src=\"https:\/\/hoel-gaard.no\/wp-content\/uploads\/2022\/06\/oivindhaug_Hoel_Gard_22-06-14_1452-scaled.jpg\" alt=\"\" title=\"Hoel g\u00e5rd\" srcset=\"https:\/\/hoel-gaard.no\/wp-content\/uploads\/2022\/06\/oivindhaug_Hoel_Gard_22-06-14_1452-scaled.jpg 2560w, https:\/\/hoel-gaard.no\/wp-content\/uploads\/2022\/06\/oivindhaug_Hoel_Gard_22-06-14_1452-300x200.jpg 300w, https:\/\/hoel-gaard.no\/wp-content\/uploads\/2022\/06\/oivindhaug_Hoel_Gard_22-06-14_1452-1024x683.jpg 1024w, https:\/\/hoel-gaard.no\/wp-content\/uploads\/2022\/06\/oivindhaug_Hoel_Gard_22-06-14_1452-768x512.jpg 768w, https:\/\/hoel-gaard.no\/wp-content\/uploads\/2022\/06\/oivindhaug_Hoel_Gard_22-06-14_1452-1536x1024.jpg 1536w, https:\/\/hoel-gaard.no\/wp-content\/uploads\/2022\/06\/oivindhaug_Hoel_Gard_22-06-14_1452-2048x1365.jpg 2048w\" sizes=\"(max-width: 2560px) 100vw, 2560px\" \/><\/figure>\n\n<\/div><\/div><\/div>\n\n<div class=\"gb-grid-column gb-grid-column-1bed15a5\"><div class=\"gb-container gb-container-1bed15a5\"><div class=\"gb-inside-container\">\n\n<p class=\"has-text-align-center\"><em><a href=\"#footer\" class=\"smooth-scroll\">Contact us<\/a> if you <\/em><br\/><em>want tips for activities.<\/em><\/p>\n\n<\/div><\/div><\/div>\n<\/div>\n<\/div><\/div><div class=\"gb-container gb-container-72b8e2bd\">\n<div class=\"gb-grid-wrapper gb-grid-wrapper-76f88f13\">\n<div class=\"gb-grid-column gb-grid-column-f1c66482\"><div class=\"gb-container gb-container-f1c66482\"><div class=\"gb-inside-container\">\n\n<h2 class=\"gb-headline gb-headline-7aa91fb6 gb-headline-text\"><em>A TASTE OF HOEL &#8211; LUNCHFJ\u00d8L<\/em><\/h2>\n\n\n\n<p><em>Would you like a taste of Hoels spekefj\u00f8l? You can order our lunch buffet with homemade bread, whipped butter, aioli, pickled vegetables, salt-roasted pumpkin seeds, Norwegian cheeses, local cured meats and chocolate fudge. Drinks come in addition. This package is intended for 2 people.<\/em><\/p>\n\n\n\n<p class=\"has-text-align-left\"><em>Lunches can also be ordered as a picnic basket for a great excursion on the farm. Whether it&#8217;s on the veranda, in the garden, at or in the bathhouse or on the pier.  <\/em><\/p>\n\n\n\n<p class=\"ingress faktaboks\"><strong>Prices<\/strong><\/p>\n\n\n\n<p class=\"ingress faktaboks\">Lunsjfj\u00f8l &#8211; 495,- for two people<\/p>\n\n\n\n<p class=\"ingress faktaboks\">Drinks come in addition. Feel free to ask us for our recommendation!<\/p>\n\n<\/div><\/div><\/div>\n\n<div class=\"gb-grid-column gb-grid-column-f5c1b7b5\"><div class=\"gb-container gb-container-f5c1b7b5\"><div class=\"gb-inside-container\">\n\n<figure class=\"gb-block-image gb-block-image-efcbfd45\"><img decoding=\"async\" width=\"683\" height=\"1024\" class=\"gb-image gb-image-efcbfd45 gb-image-grid-image\" src=\"https:\/\/hoel-gaard.no\/wp-content\/uploads\/2025\/03\/Mat_Hoel__066-683x1024.jpg\" alt=\"\" title=\"Mat_Hoel__066\" srcset=\"https:\/\/hoel-gaard.no\/wp-content\/uploads\/2025\/03\/Mat_Hoel__066-683x1024.jpg 683w, https:\/\/hoel-gaard.no\/wp-content\/uploads\/2025\/03\/Mat_Hoel__066-200x300.jpg 200w, https:\/\/hoel-gaard.no\/wp-content\/uploads\/2025\/03\/Mat_Hoel__066-768x1152.jpg 768w, https:\/\/hoel-gaard.no\/wp-content\/uploads\/2025\/03\/Mat_Hoel__066-1024x1536.jpg 1024w, https:\/\/hoel-gaard.no\/wp-content\/uploads\/2025\/03\/Mat_Hoel__066.jpg 1280w\" sizes=\"(max-width: 683px) 100vw, 683px\" \/><\/figure>\n\n<\/div><\/div><\/div>\n<\/div>\n<\/div>\n<p><\/p>\n","protected":false},"excerpt":{"rendered":"","protected":false},"author":1,"featured_media":0,"parent":0,"menu_order":9,"comment_status":"closed","ping_status":"closed","template":"","meta":{"_acf_changed":false,"_kad_blocks_custom_css":"","_kad_blocks_head_custom_js":"","_kad_blocks_body_custom_js":"","_kad_blocks_footer_custom_js":"","pgc_sgb_lightbox_settings":"","footnotes":""},"class_list":["post-1482","page","type-page","status-publish"],"acf":[],"yoast_head":"<!-- This site is optimized with the Yoast SEO plugin v27.3 - https:\/\/yoast.com\/product\/yoast-seo-wordpress\/ -->\n<title>Activities - Hoel G\u00e5rd | Herreg\u00e5rden ved Mj\u00f8sa<\/title>\n<meta name=\"robots\" content=\"index, follow, max-snippet:-1, max-image-preview:large, max-video-preview:-1\" \/>\n<link rel=\"canonical\" href=\"https:\/\/hoel-gaard.no\/en\/activities\/\" \/>\n<meta property=\"og:locale\" content=\"en_US\" \/>\n<meta property=\"og:type\" content=\"article\" \/>\n<meta property=\"og:title\" content=\"Activities - Hoel G\u00e5rd | Herreg\u00e5rden ved Mj\u00f8sa\" \/>\n<meta property=\"og:url\" content=\"https:\/\/hoel-gaard.no\/en\/activities\/\" \/>\n<meta property=\"og:site_name\" content=\"Hoel G\u00e5rd | Herreg\u00e5rden ved Mj\u00f8sa\" \/>\n<meta property=\"article:publisher\" content=\"https:\/\/www.facebook.com\/Hoelgard\/\" \/>\n<meta property=\"article:modified_time\" content=\"2025-09-08T07:01:13+00:00\" \/>\n<meta property=\"og:image\" content=\"https:\/\/hoel-gaard.no\/wp-content\/uploads\/2025\/06\/Golf_hoel__017.jpg\" \/>\n<meta name=\"twitter:card\" content=\"summary_large_image\" \/>\n<meta name=\"twitter:label1\" content=\"Est. reading time\" \/>\n\t<meta name=\"twitter:data1\" content=\"2 minutes\" \/>\n<script type=\"application\/ld+json\" class=\"yoast-schema-graph\">{\"@context\":\"https:\\\/\\\/schema.org\",\"@graph\":[{\"@type\":\"WebPage\",\"@id\":\"https:\\\/\\\/hoel-gaard.no\\\/en\\\/activities\\\/\",\"url\":\"https:\\\/\\\/hoel-gaard.no\\\/en\\\/activities\\\/\",\"name\":\"Activities - Hoel G\u00e5rd | Herreg\u00e5rden ved Mj\u00f8sa\",\"isPartOf\":{\"@id\":\"https:\\\/\\\/hoel-gaard.no\\\/#website\"},\"primaryImageOfPage\":{\"@id\":\"https:\\\/\\\/hoel-gaard.no\\\/en\\\/activities\\\/#primaryimage\"},\"image\":{\"@id\":\"https:\\\/\\\/hoel-gaard.no\\\/en\\\/activities\\\/#primaryimage\"},\"thumbnailUrl\":\"https:\\\/\\\/hoel-gaard.no\\\/wp-content\\\/uploads\\\/2025\\\/06\\\/Golf_hoel__017.jpg\",\"datePublished\":\"2022-06-28T07:16:55+00:00\",\"dateModified\":\"2025-09-08T07:01:13+00:00\",\"breadcrumb\":{\"@id\":\"https:\\\/\\\/hoel-gaard.no\\\/en\\\/activities\\\/#breadcrumb\"},\"inLanguage\":\"en-US\",\"potentialAction\":[{\"@type\":\"ReadAction\",\"target\":[\"https:\\\/\\\/hoel-gaard.no\\\/en\\\/activities\\\/\"]}]},{\"@type\":\"ImageObject\",\"inLanguage\":\"en-US\",\"@id\":\"https:\\\/\\\/hoel-gaard.no\\\/en\\\/activities\\\/#primaryimage\",\"url\":\"https:\\\/\\\/hoel-gaard.no\\\/wp-content\\\/uploads\\\/2025\\\/06\\\/Golf_hoel__017.jpg\",\"contentUrl\":\"https:\\\/\\\/hoel-gaard.no\\\/wp-content\\\/uploads\\\/2025\\\/06\\\/Golf_hoel__017.jpg\"},{\"@type\":\"BreadcrumbList\",\"@id\":\"https:\\\/\\\/hoel-gaard.no\\\/en\\\/activities\\\/#breadcrumb\",\"itemListElement\":[{\"@type\":\"ListItem\",\"position\":1,\"name\":\"Hjem\",\"item\":\"https:\\\/\\\/hoel-gaard.no\\\/en\\\/\"},{\"@type\":\"ListItem\",\"position\":2,\"name\":\"Activities\"}]},{\"@type\":\"WebSite\",\"@id\":\"https:\\\/\\\/hoel-gaard.no\\\/#website\",\"url\":\"https:\\\/\\\/hoel-gaard.no\\\/\",\"name\":\"Hoel G\u00e5rd | Herreg\u00e5rden ved Mj\u00f8sa\",\"description\":\"\",\"publisher\":{\"@id\":\"https:\\\/\\\/hoel-gaard.no\\\/#organization\"},\"potentialAction\":[{\"@type\":\"SearchAction\",\"target\":{\"@type\":\"EntryPoint\",\"urlTemplate\":\"https:\\\/\\\/hoel-gaard.no\\\/?s={search_term_string}\"},\"query-input\":{\"@type\":\"PropertyValueSpecification\",\"valueRequired\":true,\"valueName\":\"search_term_string\"}}],\"inLanguage\":\"en-US\"},{\"@type\":\"Organization\",\"@id\":\"https:\\\/\\\/hoel-gaard.no\\\/#organization\",\"name\":\"Hoel G\u00e5rd | Herreg\u00e5rden ved Mj\u00f8sa\",\"url\":\"https:\\\/\\\/hoel-gaard.no\\\/\",\"logo\":{\"@type\":\"ImageObject\",\"inLanguage\":\"en-US\",\"@id\":\"https:\\\/\\\/hoel-gaard.no\\\/#\\\/schema\\\/logo\\\/image\\\/\",\"url\":\"https:\\\/\\\/hoel-gaard.no\\\/wp-content\\\/uploads\\\/2022\\\/06\\\/HG_logo_skrift.svg\",\"contentUrl\":\"https:\\\/\\\/hoel-gaard.no\\\/wp-content\\\/uploads\\\/2022\\\/06\\\/HG_logo_skrift.svg\",\"width\":220,\"height\":35,\"caption\":\"Hoel G\u00e5rd | Herreg\u00e5rden ved Mj\u00f8sa\"},\"image\":{\"@id\":\"https:\\\/\\\/hoel-gaard.no\\\/#\\\/schema\\\/logo\\\/image\\\/\"},\"sameAs\":[\"https:\\\/\\\/www.facebook.com\\\/Hoelgard\\\/\"]}]}<\/script>\n<!-- \/ Yoast SEO plugin. -->","yoast_head_json":{"title":"Activities - Hoel G\u00e5rd | Herreg\u00e5rden ved Mj\u00f8sa","robots":{"index":"index","follow":"follow","max-snippet":"max-snippet:-1","max-image-preview":"max-image-preview:large","max-video-preview":"max-video-preview:-1"},"canonical":"https:\/\/hoel-gaard.no\/en\/activities\/","og_locale":"en_US","og_type":"article","og_title":"Activities - Hoel G\u00e5rd | Herreg\u00e5rden ved Mj\u00f8sa","og_url":"https:\/\/hoel-gaard.no\/en\/activities\/","og_site_name":"Hoel G\u00e5rd | Herreg\u00e5rden ved Mj\u00f8sa","article_publisher":"https:\/\/www.facebook.com\/Hoelgard\/","article_modified_time":"2025-09-08T07:01:13+00:00","og_image":[{"url":"https:\/\/hoel-gaard.no\/wp-content\/uploads\/2025\/06\/Golf_hoel__017.jpg","type":"","width":"","height":""}],"twitter_card":"summary_large_image","twitter_misc":{"Est. reading time":"2 minutes"},"schema":{"@context":"https:\/\/schema.org","@graph":[{"@type":"WebPage","@id":"https:\/\/hoel-gaard.no\/en\/activities\/","url":"https:\/\/hoel-gaard.no\/en\/activities\/","name":"Activities - Hoel G\u00e5rd | Herreg\u00e5rden ved Mj\u00f8sa","isPartOf":{"@id":"https:\/\/hoel-gaard.no\/#website"},"primaryImageOfPage":{"@id":"https:\/\/hoel-gaard.no\/en\/activities\/#primaryimage"},"image":{"@id":"https:\/\/hoel-gaard.no\/en\/activities\/#primaryimage"},"thumbnailUrl":"https:\/\/hoel-gaard.no\/wp-content\/uploads\/2025\/06\/Golf_hoel__017.jpg","datePublished":"2022-06-28T07:16:55+00:00","dateModified":"2025-09-08T07:01:13+00:00","breadcrumb":{"@id":"https:\/\/hoel-gaard.no\/en\/activities\/#breadcrumb"},"inLanguage":"en-US","potentialAction":[{"@type":"ReadAction","target":["https:\/\/hoel-gaard.no\/en\/activities\/"]}]},{"@type":"ImageObject","inLanguage":"en-US","@id":"https:\/\/hoel-gaard.no\/en\/activities\/#primaryimage","url":"https:\/\/hoel-gaard.no\/wp-content\/uploads\/2025\/06\/Golf_hoel__017.jpg","contentUrl":"https:\/\/hoel-gaard.no\/wp-content\/uploads\/2025\/06\/Golf_hoel__017.jpg"},{"@type":"BreadcrumbList","@id":"https:\/\/hoel-gaard.no\/en\/activities\/#breadcrumb","itemListElement":[{"@type":"ListItem","position":1,"name":"Hjem","item":"https:\/\/hoel-gaard.no\/en\/"},{"@type":"ListItem","position":2,"name":"Activities"}]},{"@type":"WebSite","@id":"https:\/\/hoel-gaard.no\/#website","url":"https:\/\/hoel-gaard.no\/","name":"Hoel G\u00e5rd | Herreg\u00e5rden ved Mj\u00f8sa","description":"","publisher":{"@id":"https:\/\/hoel-gaard.no\/#organization"},"potentialAction":[{"@type":"SearchAction","target":{"@type":"EntryPoint","urlTemplate":"https:\/\/hoel-gaard.no\/?s={search_term_string}"},"query-input":{"@type":"PropertyValueSpecification","valueRequired":true,"valueName":"search_term_string"}}],"inLanguage":"en-US"},{"@type":"Organization","@id":"https:\/\/hoel-gaard.no\/#organization","name":"Hoel G\u00e5rd | Herreg\u00e5rden ved Mj\u00f8sa","url":"https:\/\/hoel-gaard.no\/","logo":{"@type":"ImageObject","inLanguage":"en-US","@id":"https:\/\/hoel-gaard.no\/#\/schema\/logo\/image\/","url":"https:\/\/hoel-gaard.no\/wp-content\/uploads\/2022\/06\/HG_logo_skrift.svg","contentUrl":"https:\/\/hoel-gaard.no\/wp-content\/uploads\/2022\/06\/HG_logo_skrift.svg","width":220,"height":35,"caption":"Hoel G\u00e5rd | Herreg\u00e5rden ved Mj\u00f8sa"},"image":{"@id":"https:\/\/hoel-gaard.no\/#\/schema\/logo\/image\/"},"sameAs":["https:\/\/www.facebook.com\/Hoelgard\/"]}]}},"taxonomy_info":[],"featured_image_src_large":false,"author_info":{"display_name":"Rikard Andresen","author_link":"https:\/\/hoel-gaard.no\/en\/author\/rikard-andresen\/"},"comment_info":0,"_links":{"self":[{"href":"https:\/\/hoel-gaard.no\/en\/wp-json\/wp\/v2\/pages\/1482","targetHints":{"allow":["GET"]}}],"collection":[{"href":"https:\/\/hoel-gaard.no\/en\/wp-json\/wp\/v2\/pages"}],"about":[{"href":"https:\/\/hoel-gaard.no\/en\/wp-json\/wp\/v2\/types\/page"}],"author":[{"embeddable":true,"href":"https:\/\/hoel-gaard.no\/en\/wp-json\/wp\/v2\/users\/1"}],"replies":[{"embeddable":true,"href":"https:\/\/hoel-gaard.no\/en\/wp-json\/wp\/v2\/comments?post=1482"}],"version-history":[{"count":10,"href":"https:\/\/hoel-gaard.no\/en\/wp-json\/wp\/v2\/pages\/1482\/revisions"}],"predecessor-version":[{"id":5279,"href":"https:\/\/hoel-gaard.no\/en\/wp-json\/wp\/v2\/pages\/1482\/revisions\/5279"}],"wp:attachment":[{"href":"https:\/\/hoel-gaard.no\/en\/wp-json\/wp\/v2\/media?parent=1482"}],"curies":[{"name":"wp","href":"https:\/\/api.w.org\/{rel}","templated":true}]}}