{"id":1571,"date":"2024-10-23T16:21:06","date_gmt":"2024-10-23T16:21:06","guid":{"rendered":"https:\/\/hoel-gaard.no\/?page_id=1571"},"modified":"2025-05-05T13:08:17","modified_gmt":"2025-05-05T13:08:17","slug":"sauna-and-hot-tub","status":"publish","type":"page","link":"https:\/\/hoel-gaard.no\/en\/sauna-and-hot-tub\/","title":{"rendered":"Sauna and Hot Tub"},"content":{"rendered":"<div class=\"gb-container gb-container-6e085524 gb-container-header\"><div class=\"gb-inside-container\">\n\n<figure class=\"gb-block-image gb-block-image-5270c813\"><img decoding=\"async\" width=\"1600\" height=\"1067\" class=\"gb-image gb-image-5270c813 gb-image-624b8c29\" src=\"https:\/\/hoel-gaard.no\/wp-content\/uploads\/2024\/11\/IMG_7122.jpeg\" alt=\"\" title=\"IMG_7122\" srcset=\"https:\/\/hoel-gaard.no\/wp-content\/uploads\/2024\/11\/IMG_7122.jpeg 1600w, https:\/\/hoel-gaard.no\/wp-content\/uploads\/2024\/11\/IMG_7122-300x200.jpeg 300w, https:\/\/hoel-gaard.no\/wp-content\/uploads\/2024\/11\/IMG_7122-1024x683.jpeg 1024w, https:\/\/hoel-gaard.no\/wp-content\/uploads\/2024\/11\/IMG_7122-768x512.jpeg 768w, https:\/\/hoel-gaard.no\/wp-content\/uploads\/2024\/11\/IMG_7122-1536x1024.jpeg 1536w\" sizes=\"(max-width: 1600px) 100vw, 1600px\" \/><\/figure>\n\n<\/div><\/div>\n\n<div class=\"gb-container gb-container-2ad7e611 gb-container-base\"><div class=\"gb-inside-container\">\n<div class=\"gb-grid-wrapper gb-grid-wrapper-a4a67b5a gb-grid-wrapper-44dce09e\">\n<div class=\"gb-grid-column gb-grid-column-df9d216d\"><div class=\"gb-container gb-container-df9d216d\"><div class=\"gb-inside-container\">\n\n<h2 class=\"gb-headline gb-headline-5dc9157d gb-headline-text\"><em>BATH HOUSE, SAUNA AND HOT TUB<\/em><\/h2>\n\n\n\n<p><em>Right down by the water&#8217;s edge and with Lake Mj\u00f8sa as your closest neighbor, you will find our bath house, located in connection with our bathing jetty. This house offers peace and well-being, and offers a fireplace room for relaxation and quality time with the sound of the waves right outside the door. The house is inspired by an old summer barn that stood there in the 19th century, and the remains of an old potato flour factory were used in the project. The building was completed in the fall of 2024, and was designed by architect Geir Dingstad of BASE Arkitekter. The interior designer is Corniche Interi\u00f8rdesign.<\/em><\/p>\n\n\n\n<p><em>The sauna in connection with the bath house is inspired by the farm&#8217;s own potato cellar and is somewhat reminiscent of a built-in vault\/cave that blends perfectly into the terrain. The sauna connects you closely to nature and Lake Mj\u00f8sa. Treat yourself to a lovely and relaxing time by the water&#8217;s edge. After some time in the sauna, it is refreshing to have a lovely swim in Lake Mj\u00f8sa followed by a nice and warm experience in our outdoor hot tub. The bathhouse, sauna and hot tub are available to all guests, but must be booked in advance.<\/em><\/p>\n\n\n\n<p><em><a href=\"https:\/\/book.dehistoriske.no\/no\/se-gjore\/2702897\/badehus-og-badstue-p%C3%A5-herreg%C3%A5rden-hoel\/showdetails\">Book the Sauna and Hot Tub here<\/a><\/em><\/p>\n\n<\/div><\/div><\/div>\n\n<div class=\"gb-grid-column gb-grid-column-c0991b83\"><div class=\"gb-container gb-container-c0991b83\"><div class=\"gb-inside-container\">\n\n<figure class=\"gb-block-image gb-block-image-469ee531\"><img decoding=\"async\" width=\"1536\" height=\"1024\" class=\"gb-image gb-image-469ee531 gb-image-grid-image\" src=\"https:\/\/hoel-gaard.no\/wp-content\/uploads\/2024\/11\/IMG_7121.jpeg\" alt=\"\" title=\"IMG_7121\" srcset=\"https:\/\/hoel-gaard.no\/wp-content\/uploads\/2024\/11\/IMG_7121.jpeg 1536w, https:\/\/hoel-gaard.no\/wp-content\/uploads\/2024\/11\/IMG_7121-300x200.jpeg 300w, https:\/\/hoel-gaard.no\/wp-content\/uploads\/2024\/11\/IMG_7121-1024x683.jpeg 1024w, https:\/\/hoel-gaard.no\/wp-content\/uploads\/2024\/11\/IMG_7121-768x512.jpeg 768w\" sizes=\"(max-width: 1536px) 100vw, 1536px\" \/><\/figure>\n\n<\/div><\/div><\/div>\n<\/div>\n<\/div><\/div>\n\n<div class=\"gb-container gb-container-4d9ef76f gb-container-base\"><div class=\"gb-inside-container\">\n<div class=\"gb-grid-wrapper gb-grid-wrapper-5ef96b13 gb-grid-wrapper-44dce09e\">\n<div class=\"gb-grid-column gb-grid-column-2579b73b\"><div class=\"gb-container gb-container-2579b73b\"><div class=\"gb-inside-container\">\n\n<figure class=\"gb-block-image gb-block-image-b553917d\"><img decoding=\"async\" width=\"1067\" height=\"1600\" class=\"gb-image gb-image-b553917d gb-image-grid-image\" src=\"https:\/\/hoel-gaard.no\/wp-content\/uploads\/2024\/10\/HoelGardhost2024.IngerPaulsenFotografi-18.jpg\" alt=\"\" title=\"Hoel g\u00e5rd\" srcset=\"https:\/\/hoel-gaard.no\/wp-content\/uploads\/2024\/10\/HoelGardhost2024.IngerPaulsenFotografi-18.jpg 1067w, https:\/\/hoel-gaard.no\/wp-content\/uploads\/2024\/10\/HoelGardhost2024.IngerPaulsenFotografi-18-200x300.jpg 200w, https:\/\/hoel-gaard.no\/wp-content\/uploads\/2024\/10\/HoelGardhost2024.IngerPaulsenFotografi-18-683x1024.jpg 683w, https:\/\/hoel-gaard.no\/wp-content\/uploads\/2024\/10\/HoelGardhost2024.IngerPaulsenFotografi-18-768x1152.jpg 768w, https:\/\/hoel-gaard.no\/wp-content\/uploads\/2024\/10\/HoelGardhost2024.IngerPaulsenFotografi-18-1024x1536.jpg 1024w\" sizes=\"(max-width: 1067px) 100vw, 1067px\" \/><\/figure>\n\n<\/div><\/div><\/div>\n\n<div class=\"gb-grid-column gb-grid-column-f66892c2\"><div class=\"gb-container gb-container-f66892c2\"><div class=\"gb-inside-container\">\n\n<p class=\"ingress faktaboks\"><br><strong>Bathhouse\/sauna\/hot tub\/bathtub<\/strong><\/p>\n\n\n\n<p class=\"ingress faktaboks\">Bathhouse\/sauna\/hot tub \u2013 600,- per person (90 min).<\/p>\n\n\n\n<p class=\"ingress faktaboks\">Exclusive use of bathhouse\/sauna\/hot tub \u2013  minimum 5000,- for 2 hours.<\/p>\n\n\n\n<p class=\"ingress faktaboks\">Bathtub \u2013 450,- per person (45 min).<\/p>\n\n\n\n<p class=\"ingress faktaboks\">Separate prices for conferences and weddings. Contact us for more information. <\/p>\n\n<\/div><\/div><\/div>\n<\/div>\n<\/div><\/div>\n\n<div class=\"gb-container gb-container-73bc9bf4 gb-container-base\"><div class=\"gb-inside-container\">\n<div class=\"gb-grid-wrapper gb-grid-wrapper-6765ccff gb-grid-wrapper-44dce09e\">\n<div class=\"gb-grid-column gb-grid-column-dadf8753\"><div class=\"gb-container gb-container-dadf8753\"><div class=\"gb-inside-container\">\n\n<p class=\"has-text-align-center\"><em>Take time for self-care and peace \u2013 in inspiring and delicate surroundings.<\/em><\/p>\n\n<\/div><\/div><\/div>\n\n<div class=\"gb-grid-column gb-grid-column-e9613ec1\"><div class=\"gb-container gb-container-e9613ec1\"><div class=\"gb-inside-container\">\n\n<figure class=\"gb-block-image gb-block-image-f81d66a1\"><img decoding=\"async\" width=\"1067\" height=\"1600\" class=\"gb-image gb-image-f81d66a1 gb-image-grid-image\" src=\"https:\/\/hoel-gaard.no\/wp-content\/uploads\/2025\/03\/HoelGardhost2024.IngerPaulsenFotografi-69.jpg\" alt=\"\" title=\"Hoel g\u00e5rd\" srcset=\"https:\/\/hoel-gaard.no\/wp-content\/uploads\/2025\/03\/HoelGardhost2024.IngerPaulsenFotografi-69.jpg 1067w, https:\/\/hoel-gaard.no\/wp-content\/uploads\/2025\/03\/HoelGardhost2024.IngerPaulsenFotografi-69-200x300.jpg 200w, https:\/\/hoel-gaard.no\/wp-content\/uploads\/2025\/03\/HoelGardhost2024.IngerPaulsenFotografi-69-683x1024.jpg 683w, https:\/\/hoel-gaard.no\/wp-content\/uploads\/2025\/03\/HoelGardhost2024.IngerPaulsenFotografi-69-768x1152.jpg 768w, https:\/\/hoel-gaard.no\/wp-content\/uploads\/2025\/03\/HoelGardhost2024.IngerPaulsenFotografi-69-1024x1536.jpg 1024w\" sizes=\"(max-width: 1067px) 100vw, 1067px\" \/><\/figure>\n\n<\/div><\/div><\/div>\n<\/div>\n<\/div><\/div>\n\n<div class=\"gb-container gb-container-6ca84636 alignfull gb-container-colour-switch-base\"><div class=\"gb-inside-container\">\n<div class=\"gb-container gb-container-b8bfa68f gb-container-base\"><div class=\"gb-inside-container\">\n<div class=\"gb-grid-wrapper gb-grid-wrapper-3dfe5056 gb-grid-wrapper-44dce09e\">\n<div class=\"gb-grid-column gb-grid-column-5031e860\"><div class=\"gb-container gb-container-5031e860\"><div class=\"gb-inside-container\">\n\n<figure class=\"gb-block-image gb-block-image-4596b4a5\"><img decoding=\"async\" width=\"712\" height=\"1067\" class=\"gb-image gb-image-4596b4a5 gb-image-grid-image\" src=\"https:\/\/hoel-gaard.no\/wp-content\/uploads\/2025\/03\/HoelGardhost2024.IngerPaulsenFotografi-12-1.jpg\" alt=\"\" title=\"HoelGardhost2024.IngerPaulsenFotografi-12\" srcset=\"https:\/\/hoel-gaard.no\/wp-content\/uploads\/2025\/03\/HoelGardhost2024.IngerPaulsenFotografi-12-1.jpg 712w, https:\/\/hoel-gaard.no\/wp-content\/uploads\/2025\/03\/HoelGardhost2024.IngerPaulsenFotografi-12-1-200x300.jpg 200w, https:\/\/hoel-gaard.no\/wp-content\/uploads\/2025\/03\/HoelGardhost2024.IngerPaulsenFotografi-12-1-683x1024.jpg 683w\" sizes=\"(max-width: 712px) 100vw, 712px\" \/><\/figure>\n\n<\/div><\/div><\/div>\n\n<div class=\"gb-grid-column gb-grid-column-fccdf28c\"><div class=\"gb-container gb-container-fccdf28c\"><div class=\"gb-inside-container\">\n\n<h2 class=\"gb-headline gb-headline-7ffb04f8 gb-headline-text\"><em>OUTDOOR BATHTUB BY MJ\u00d8SA<\/em><\/h2>\n\n\n\n<p><em>Enjoy a relaxing bath in our outdoor bathtubs with a view of Lake Mj\u00f8sa, the sunset, and our own little island just outside the farm. Perfect for couples or friends looking for a peaceful and atmospheric experience together.<\/em><\/p>\n\n\n\n<p><em>The bathtub is booked for 45 minutes and costs 450 NOK per person. Included in the price are bathrobes, towels, slippers, and luxurious soaps from Sprekenhus \u2013 everything arranged for a comfortable and exclusive moment in tranquil surroundings and a beautiful cultural landscape.<\/em><\/p>\n\n<\/div><\/div><\/div>\n<\/div>\n<\/div><\/div>\n\n<div class=\"gb-container gb-container-555c9f7e gb-container-base\"><div class=\"gb-inside-container\">\n<div class=\"gb-grid-wrapper gb-grid-wrapper-49d68ec4 gb-grid-wrapper-44dce09e\">\n<div class=\"gb-grid-column gb-grid-column-ebef8ebf\"><div class=\"gb-container gb-container-ebef8ebf\"><div class=\"gb-inside-container\">\n\n<h2 class=\"gb-headline gb-headline-ad01670c gb-headline-text\"><em>\u00abTreat yourself to a lovely and relaxing time by the water&#8217;s edge.\u00bb<\/em><\/h2>\n\n<\/div><\/div><\/div>\n\n<div class=\"gb-grid-column gb-grid-column-0a444c78\"><div class=\"gb-container gb-container-0a444c78\"><div class=\"gb-inside-container\">\n\n<figure class=\"gb-block-image gb-block-image-377471b0\"><img decoding=\"async\" width=\"1067\" height=\"1600\" class=\"gb-image gb-image-377471b0 gb-image-grid-image\" src=\"https:\/\/hoel-gaard.no\/wp-content\/uploads\/2024\/10\/IMG_6415.jpg\" alt=\"\" title=\"Hoel g\u00e5rd\" srcset=\"https:\/\/hoel-gaard.no\/wp-content\/uploads\/2024\/10\/IMG_6415.jpg 1067w, https:\/\/hoel-gaard.no\/wp-content\/uploads\/2024\/10\/IMG_6415-200x300.jpg 200w, https:\/\/hoel-gaard.no\/wp-content\/uploads\/2024\/10\/IMG_6415-683x1024.jpg 683w, https:\/\/hoel-gaard.no\/wp-content\/uploads\/2024\/10\/IMG_6415-768x1152.jpg 768w, https:\/\/hoel-gaard.no\/wp-content\/uploads\/2024\/10\/IMG_6415-1024x1536.jpg 1024w\" sizes=\"(max-width: 1067px) 100vw, 1067px\" \/><\/figure>\n\n<\/div><\/div><\/div>\n<\/div>\n<\/div><\/div>\n<\/div><\/div>","protected":false},"excerpt":{"rendered":"","protected":false},"author":1,"featured_media":0,"parent":0,"menu_order":55,"comment_status":"closed","ping_status":"closed","template":"","meta":{"_acf_changed":false,"_kad_blocks_custom_css":"","_kad_blocks_head_custom_js":"","_kad_blocks_body_custom_js":"","_kad_blocks_footer_custom_js":"","pgc_sgb_lightbox_settings":"","footnotes":""},"class_list":["post-1571","page","type-page","status-publish"],"acf":[],"yoast_head":"<!-- This site is optimized with the Yoast SEO plugin v27.3 - https:\/\/yoast.com\/product\/yoast-seo-wordpress\/ -->\n<title>Sauna and Hot Tub - Hoel G\u00e5rd | Herreg\u00e5rden ved Mj\u00f8sa<\/title>\n<meta name=\"robots\" content=\"index, follow, max-snippet:-1, max-image-preview:large, max-video-preview:-1\" \/>\n<link rel=\"canonical\" href=\"https:\/\/hoel-gaard.no\/badstue-og-badestamp\/\" \/>\n<meta property=\"og:locale\" content=\"en_US\" \/>\n<meta property=\"og:type\" content=\"article\" \/>\n<meta property=\"og:title\" content=\"Sauna and Hot Tub - Hoel G\u00e5rd | Herreg\u00e5rden ved Mj\u00f8sa\" \/>\n<meta property=\"og:url\" content=\"https:\/\/hoel-gaard.no\/badstue-og-badestamp\/\" \/>\n<meta property=\"og:site_name\" content=\"Hoel G\u00e5rd | Herreg\u00e5rden ved Mj\u00f8sa\" \/>\n<meta property=\"article:publisher\" content=\"https:\/\/www.facebook.com\/Hoelgard\/\" \/>\n<meta property=\"article:modified_time\" content=\"2025-05-05T13:08:17+00:00\" \/>\n<meta property=\"og:image\" content=\"https:\/\/hoel-gaard.no\/wp-content\/uploads\/2024\/11\/IMG_7122.jpeg\" \/>\n<meta name=\"twitter:card\" content=\"summary_large_image\" \/>\n<meta name=\"twitter:label1\" content=\"Est. reading time\" \/>\n\t<meta name=\"twitter:data1\" content=\"2 minutes\" \/>\n<script type=\"application\/ld+json\" class=\"yoast-schema-graph\">{\"@context\":\"https:\\\/\\\/schema.org\",\"@graph\":[{\"@type\":\"WebPage\",\"@id\":\"https:\\\/\\\/hoel-gaard.no\\\/badstue-og-badestamp\\\/\",\"url\":\"https:\\\/\\\/hoel-gaard.no\\\/badstue-og-badestamp\\\/\",\"name\":\"Sauna and Hot Tub - Hoel G\u00e5rd | Herreg\u00e5rden ved Mj\u00f8sa\",\"isPartOf\":{\"@id\":\"https:\\\/\\\/hoel-gaard.no\\\/#website\"},\"primaryImageOfPage\":{\"@id\":\"https:\\\/\\\/hoel-gaard.no\\\/badstue-og-badestamp\\\/#primaryimage\"},\"image\":{\"@id\":\"https:\\\/\\\/hoel-gaard.no\\\/badstue-og-badestamp\\\/#primaryimage\"},\"thumbnailUrl\":\"https:\\\/\\\/hoel-gaard.no\\\/wp-content\\\/uploads\\\/2024\\\/11\\\/IMG_7122.jpeg\",\"datePublished\":\"2024-10-23T16:21:06+00:00\",\"dateModified\":\"2025-05-05T13:08:17+00:00\",\"breadcrumb\":{\"@id\":\"https:\\\/\\\/hoel-gaard.no\\\/badstue-og-badestamp\\\/#breadcrumb\"},\"inLanguage\":\"en-US\",\"potentialAction\":[{\"@type\":\"ReadAction\",\"target\":[\"https:\\\/\\\/hoel-gaard.no\\\/badstue-og-badestamp\\\/\"]}]},{\"@type\":\"ImageObject\",\"inLanguage\":\"en-US\",\"@id\":\"https:\\\/\\\/hoel-gaard.no\\\/badstue-og-badestamp\\\/#primaryimage\",\"url\":\"https:\\\/\\\/hoel-gaard.no\\\/wp-content\\\/uploads\\\/2024\\\/11\\\/IMG_7122.jpeg\",\"contentUrl\":\"https:\\\/\\\/hoel-gaard.no\\\/wp-content\\\/uploads\\\/2024\\\/11\\\/IMG_7122.jpeg\"},{\"@type\":\"BreadcrumbList\",\"@id\":\"https:\\\/\\\/hoel-gaard.no\\\/badstue-og-badestamp\\\/#breadcrumb\",\"itemListElement\":[{\"@type\":\"ListItem\",\"position\":1,\"name\":\"Hjem\",\"item\":\"https:\\\/\\\/hoel-gaard.no\\\/en\\\/\"},{\"@type\":\"ListItem\",\"position\":2,\"name\":\"Sauna and Hot Tub\"}]},{\"@type\":\"WebSite\",\"@id\":\"https:\\\/\\\/hoel-gaard.no\\\/#website\",\"url\":\"https:\\\/\\\/hoel-gaard.no\\\/\",\"name\":\"Hoel G\u00e5rd | Herreg\u00e5rden ved Mj\u00f8sa\",\"description\":\"\",\"publisher\":{\"@id\":\"https:\\\/\\\/hoel-gaard.no\\\/#organization\"},\"potentialAction\":[{\"@type\":\"SearchAction\",\"target\":{\"@type\":\"EntryPoint\",\"urlTemplate\":\"https:\\\/\\\/hoel-gaard.no\\\/?s={search_term_string}\"},\"query-input\":{\"@type\":\"PropertyValueSpecification\",\"valueRequired\":true,\"valueName\":\"search_term_string\"}}],\"inLanguage\":\"en-US\"},{\"@type\":\"Organization\",\"@id\":\"https:\\\/\\\/hoel-gaard.no\\\/#organization\",\"name\":\"Hoel G\u00e5rd | Herreg\u00e5rden ved Mj\u00f8sa\",\"url\":\"https:\\\/\\\/hoel-gaard.no\\\/\",\"logo\":{\"@type\":\"ImageObject\",\"inLanguage\":\"en-US\",\"@id\":\"https:\\\/\\\/hoel-gaard.no\\\/#\\\/schema\\\/logo\\\/image\\\/\",\"url\":\"https:\\\/\\\/hoel-gaard.no\\\/wp-content\\\/uploads\\\/2022\\\/06\\\/HG_logo_skrift.svg\",\"contentUrl\":\"https:\\\/\\\/hoel-gaard.no\\\/wp-content\\\/uploads\\\/2022\\\/06\\\/HG_logo_skrift.svg\",\"width\":220,\"height\":35,\"caption\":\"Hoel G\u00e5rd | Herreg\u00e5rden ved Mj\u00f8sa\"},\"image\":{\"@id\":\"https:\\\/\\\/hoel-gaard.no\\\/#\\\/schema\\\/logo\\\/image\\\/\"},\"sameAs\":[\"https:\\\/\\\/www.facebook.com\\\/Hoelgard\\\/\"]}]}<\/script>\n<!-- \/ Yoast SEO plugin. -->","yoast_head_json":{"title":"Sauna and Hot Tub - Hoel G\u00e5rd | Herreg\u00e5rden ved Mj\u00f8sa","robots":{"index":"index","follow":"follow","max-snippet":"max-snippet:-1","max-image-preview":"max-image-preview:large","max-video-preview":"max-video-preview:-1"},"canonical":"https:\/\/hoel-gaard.no\/badstue-og-badestamp\/","og_locale":"en_US","og_type":"article","og_title":"Sauna and Hot Tub - Hoel G\u00e5rd | Herreg\u00e5rden ved Mj\u00f8sa","og_url":"https:\/\/hoel-gaard.no\/badstue-og-badestamp\/","og_site_name":"Hoel G\u00e5rd | Herreg\u00e5rden ved Mj\u00f8sa","article_publisher":"https:\/\/www.facebook.com\/Hoelgard\/","article_modified_time":"2025-05-05T13:08:17+00:00","og_image":[{"url":"https:\/\/hoel-gaard.no\/wp-content\/uploads\/2024\/11\/IMG_7122.jpeg","type":"","width":"","height":""}],"twitter_card":"summary_large_image","twitter_misc":{"Est. reading time":"2 minutes"},"schema":{"@context":"https:\/\/schema.org","@graph":[{"@type":"WebPage","@id":"https:\/\/hoel-gaard.no\/badstue-og-badestamp\/","url":"https:\/\/hoel-gaard.no\/badstue-og-badestamp\/","name":"Sauna and Hot Tub - Hoel G\u00e5rd | Herreg\u00e5rden ved Mj\u00f8sa","isPartOf":{"@id":"https:\/\/hoel-gaard.no\/#website"},"primaryImageOfPage":{"@id":"https:\/\/hoel-gaard.no\/badstue-og-badestamp\/#primaryimage"},"image":{"@id":"https:\/\/hoel-gaard.no\/badstue-og-badestamp\/#primaryimage"},"thumbnailUrl":"https:\/\/hoel-gaard.no\/wp-content\/uploads\/2024\/11\/IMG_7122.jpeg","datePublished":"2024-10-23T16:21:06+00:00","dateModified":"2025-05-05T13:08:17+00:00","breadcrumb":{"@id":"https:\/\/hoel-gaard.no\/badstue-og-badestamp\/#breadcrumb"},"inLanguage":"en-US","potentialAction":[{"@type":"ReadAction","target":["https:\/\/hoel-gaard.no\/badstue-og-badestamp\/"]}]},{"@type":"ImageObject","inLanguage":"en-US","@id":"https:\/\/hoel-gaard.no\/badstue-og-badestamp\/#primaryimage","url":"https:\/\/hoel-gaard.no\/wp-content\/uploads\/2024\/11\/IMG_7122.jpeg","contentUrl":"https:\/\/hoel-gaard.no\/wp-content\/uploads\/2024\/11\/IMG_7122.jpeg"},{"@type":"BreadcrumbList","@id":"https:\/\/hoel-gaard.no\/badstue-og-badestamp\/#breadcrumb","itemListElement":[{"@type":"ListItem","position":1,"name":"Hjem","item":"https:\/\/hoel-gaard.no\/en\/"},{"@type":"ListItem","position":2,"name":"Sauna and Hot Tub"}]},{"@type":"WebSite","@id":"https:\/\/hoel-gaard.no\/#website","url":"https:\/\/hoel-gaard.no\/","name":"Hoel G\u00e5rd | Herreg\u00e5rden ved Mj\u00f8sa","description":"","publisher":{"@id":"https:\/\/hoel-gaard.no\/#organization"},"potentialAction":[{"@type":"SearchAction","target":{"@type":"EntryPoint","urlTemplate":"https:\/\/hoel-gaard.no\/?s={search_term_string}"},"query-input":{"@type":"PropertyValueSpecification","valueRequired":true,"valueName":"search_term_string"}}],"inLanguage":"en-US"},{"@type":"Organization","@id":"https:\/\/hoel-gaard.no\/#organization","name":"Hoel G\u00e5rd | Herreg\u00e5rden ved Mj\u00f8sa","url":"https:\/\/hoel-gaard.no\/","logo":{"@type":"ImageObject","inLanguage":"en-US","@id":"https:\/\/hoel-gaard.no\/#\/schema\/logo\/image\/","url":"https:\/\/hoel-gaard.no\/wp-content\/uploads\/2022\/06\/HG_logo_skrift.svg","contentUrl":"https:\/\/hoel-gaard.no\/wp-content\/uploads\/2022\/06\/HG_logo_skrift.svg","width":220,"height":35,"caption":"Hoel G\u00e5rd | Herreg\u00e5rden ved Mj\u00f8sa"},"image":{"@id":"https:\/\/hoel-gaard.no\/#\/schema\/logo\/image\/"},"sameAs":["https:\/\/www.facebook.com\/Hoelgard\/"]}]}},"taxonomy_info":[],"featured_image_src_large":false,"author_info":{"display_name":"Rikard Andresen","author_link":"https:\/\/hoel-gaard.no\/en\/author\/rikard-andresen\/"},"comment_info":0,"_links":{"self":[{"href":"https:\/\/hoel-gaard.no\/en\/wp-json\/wp\/v2\/pages\/1571","targetHints":{"allow":["GET"]}}],"collection":[{"href":"https:\/\/hoel-gaard.no\/en\/wp-json\/wp\/v2\/pages"}],"about":[{"href":"https:\/\/hoel-gaard.no\/en\/wp-json\/wp\/v2\/types\/page"}],"author":[{"embeddable":true,"href":"https:\/\/hoel-gaard.no\/en\/wp-json\/wp\/v2\/users\/1"}],"replies":[{"embeddable":true,"href":"https:\/\/hoel-gaard.no\/en\/wp-json\/wp\/v2\/comments?post=1571"}],"version-history":[{"count":6,"href":"https:\/\/hoel-gaard.no\/en\/wp-json\/wp\/v2\/pages\/1571\/revisions"}],"predecessor-version":[{"id":2184,"href":"https:\/\/hoel-gaard.no\/en\/wp-json\/wp\/v2\/pages\/1571\/revisions\/2184"}],"wp:attachment":[{"href":"https:\/\/hoel-gaard.no\/en\/wp-json\/wp\/v2\/media?parent=1571"}],"curies":[{"name":"wp","href":"https:\/\/api.w.org\/{rel}","templated":true}]}}