{"id":1596,"date":"2024-10-23T16:28:14","date_gmt":"2024-10-23T16:28:14","guid":{"rendered":"https:\/\/hoel-gaard.no\/?page_id=1596"},"modified":"2025-09-08T07:01:06","modified_gmt":"2025-09-08T07:01:06","slug":"gym-by-mjosa","status":"publish","type":"page","link":"https:\/\/hoel-gaard.no\/en\/gym-by-mjosa\/","title":{"rendered":"Gym by Mj\u00f8sa"},"content":{"rendered":"<div class=\"gb-container gb-container-6e085524 gb-container-header\"><div class=\"gb-inside-container\">\n\n<figure class=\"gb-block-image gb-block-image-5270c813\"><img decoding=\"async\" width=\"1067\" height=\"1600\" class=\"gb-image gb-image-5270c813 gb-image-624b8c29\" src=\"https:\/\/hoel-gaard.no\/wp-content\/uploads\/2024\/10\/HoelGardhost2024.IngerPaulsenFotografi-62.jpg\" alt=\"\" title=\"Hoel g\u00e5rd\" srcset=\"https:\/\/hoel-gaard.no\/wp-content\/uploads\/2024\/10\/HoelGardhost2024.IngerPaulsenFotografi-62.jpg 1067w, https:\/\/hoel-gaard.no\/wp-content\/uploads\/2024\/10\/HoelGardhost2024.IngerPaulsenFotografi-62-200x300.jpg 200w, https:\/\/hoel-gaard.no\/wp-content\/uploads\/2024\/10\/HoelGardhost2024.IngerPaulsenFotografi-62-683x1024.jpg 683w, https:\/\/hoel-gaard.no\/wp-content\/uploads\/2024\/10\/HoelGardhost2024.IngerPaulsenFotografi-62-768x1152.jpg 768w, https:\/\/hoel-gaard.no\/wp-content\/uploads\/2024\/10\/HoelGardhost2024.IngerPaulsenFotografi-62-1024x1536.jpg 1024w\" sizes=\"(max-width: 1067px) 100vw, 1067px\" \/><\/figure>\n\n<\/div><\/div><div class=\"gb-container gb-container-2ad7e611 gb-container-base\"><div class=\"gb-inside-container\">\n<div class=\"gb-grid-wrapper gb-grid-wrapper-a4a67b5a gb-grid-wrapper-44dce09e\">\n<div class=\"gb-grid-column gb-grid-column-df9d216d\"><div class=\"gb-container gb-container-df9d216d\"><div class=\"gb-inside-container\">\n\n<h2 class=\"gb-headline gb-headline-5dc9157d gb-headline-text\">GYM BY THE MEADOW.  <\/h2>\n\n\n\n<p>The gym in the bathhouse at Hoel G\u00e5rd offers a modern and well-equipped area for physical activity and well-being. Open 06.30-21.00, it gives our guests the freedom to exercise when it suits them best. With a range of fitness equipment to suit different fitness needs, you can stay fit and energized during your stay. In addition, the room offers attached changing rooms with showers and toilets for your comfort and convenience.<\/p>\n\n<\/div><\/div><\/div>\n\n<div class=\"gb-grid-column gb-grid-column-c0991b83\"><div class=\"gb-container gb-container-c0991b83\"><div class=\"gb-inside-container\">\n\n<figure class=\"gb-block-image gb-block-image-469ee531\"><img decoding=\"async\" width=\"1067\" height=\"1600\" class=\"gb-image gb-image-469ee531 gb-image-grid-image\" src=\"https:\/\/hoel-gaard.no\/wp-content\/uploads\/2024\/10\/HoelGardhost2024.IngerPaulsenFotografi-60.jpg\" alt=\"\" title=\"Hoel g\u00e5rd\" srcset=\"https:\/\/hoel-gaard.no\/wp-content\/uploads\/2024\/10\/HoelGardhost2024.IngerPaulsenFotografi-60.jpg 1067w, https:\/\/hoel-gaard.no\/wp-content\/uploads\/2024\/10\/HoelGardhost2024.IngerPaulsenFotografi-60-200x300.jpg 200w, https:\/\/hoel-gaard.no\/wp-content\/uploads\/2024\/10\/HoelGardhost2024.IngerPaulsenFotografi-60-683x1024.jpg 683w, https:\/\/hoel-gaard.no\/wp-content\/uploads\/2024\/10\/HoelGardhost2024.IngerPaulsenFotografi-60-768x1152.jpg 768w, https:\/\/hoel-gaard.no\/wp-content\/uploads\/2024\/10\/HoelGardhost2024.IngerPaulsenFotografi-60-1024x1536.jpg 1024w\" sizes=\"(max-width: 1067px) 100vw, 1067px\" \/><\/figure>\n\n<\/div><\/div><\/div>\n<\/div>\n<\/div><\/div><div class=\"gb-container gb-container-4d9ef76f gb-container-base\"><div class=\"gb-inside-container\">\n<div class=\"gb-grid-wrapper gb-grid-wrapper-5ef96b13 gb-grid-wrapper-44dce09e\">\n<div class=\"gb-grid-column gb-grid-column-2579b73b\"><div class=\"gb-container gb-container-2579b73b\"><div class=\"gb-inside-container\">\n\n<figure class=\"gb-block-image gb-block-image-b553917d\"><img decoding=\"async\" width=\"1067\" height=\"1600\" class=\"gb-image gb-image-b553917d gb-image-grid-image\" src=\"https:\/\/hoel-gaard.no\/wp-content\/uploads\/2024\/10\/HoelGardhost2024.IngerPaulsenFotografi-69.jpg\" alt=\"\" title=\"Hoel g\u00e5rd\" srcset=\"https:\/\/hoel-gaard.no\/wp-content\/uploads\/2024\/10\/HoelGardhost2024.IngerPaulsenFotografi-69.jpg 1067w, https:\/\/hoel-gaard.no\/wp-content\/uploads\/2024\/10\/HoelGardhost2024.IngerPaulsenFotografi-69-200x300.jpg 200w, https:\/\/hoel-gaard.no\/wp-content\/uploads\/2024\/10\/HoelGardhost2024.IngerPaulsenFotografi-69-683x1024.jpg 683w, https:\/\/hoel-gaard.no\/wp-content\/uploads\/2024\/10\/HoelGardhost2024.IngerPaulsenFotografi-69-768x1152.jpg 768w, https:\/\/hoel-gaard.no\/wp-content\/uploads\/2024\/10\/HoelGardhost2024.IngerPaulsenFotografi-69-1024x1536.jpg 1024w\" sizes=\"(max-width: 1067px) 100vw, 1067px\" \/><\/figure>\n\n<\/div><\/div><\/div>\n\n<div class=\"gb-grid-column gb-grid-column-f66892c2\"><div class=\"gb-container gb-container-f66892c2\"><div class=\"gb-inside-container\">\n\n<p class=\"ingress faktaboks\"><br\/><strong>Gym<\/strong><\/p>\n\n\n\n<p class=\"ingress faktaboks\">Free for resident guests<\/p>\n\n\n\n<p class=\"ingress faktaboks\">Running mill<\/p>\n\n\n\n<p class=\"ingress faktaboks\">Ellipse machine<\/p>\n\n\n\n<p class=\"ingress faktaboks\">Staking machine<\/p>\n\n\n\n<p class=\"ingress faktaboks\">Squat\/bench press<\/p>\n\n\n\n<p class=\"ingress faktaboks\">Medicine balls<\/p>\n\n\n\n<p class=\"ingress faktaboks\">Knitwear<\/p>\n\n\n\n<p class=\"ingress faktaboks\">Manuals<\/p>\n\n<\/div><\/div><\/div>\n<\/div>\n<\/div><\/div><div class=\"gb-container gb-container-6ca84636 alignfull gb-container-colour-switch-base\"><div class=\"gb-inside-container\">\n<div class=\"gb-container gb-container-b8bfa68f gb-container-base\"><div class=\"gb-inside-container\">\n\n<figure class=\"gb-block-image gb-block-image-6ad25ce4\"><img decoding=\"async\" width=\"1067\" height=\"1600\" class=\"gb-image gb-image-6ad25ce4 gb-image-grid-image\" src=\"https:\/\/hoel-gaard.no\/wp-content\/uploads\/2024\/10\/HoelGardhost2024.IngerPaulsenFotografi-76.jpg\" alt=\"\" title=\"Hoel g\u00e5rd\" srcset=\"https:\/\/hoel-gaard.no\/wp-content\/uploads\/2024\/10\/HoelGardhost2024.IngerPaulsenFotografi-76.jpg 1067w, https:\/\/hoel-gaard.no\/wp-content\/uploads\/2024\/10\/HoelGardhost2024.IngerPaulsenFotografi-76-200x300.jpg 200w, https:\/\/hoel-gaard.no\/wp-content\/uploads\/2024\/10\/HoelGardhost2024.IngerPaulsenFotografi-76-683x1024.jpg 683w, https:\/\/hoel-gaard.no\/wp-content\/uploads\/2024\/10\/HoelGardhost2024.IngerPaulsenFotografi-76-768x1152.jpg 768w, https:\/\/hoel-gaard.no\/wp-content\/uploads\/2024\/10\/HoelGardhost2024.IngerPaulsenFotografi-76-1024x1536.jpg 1024w\" sizes=\"(max-width: 1067px) 100vw, 1067px\" \/><\/figure>\n\n<\/div><\/div>\n<\/div><\/div>","protected":false},"excerpt":{"rendered":"","protected":false},"author":1,"featured_media":0,"parent":0,"menu_order":27,"comment_status":"closed","ping_status":"closed","template":"","meta":{"_acf_changed":false,"_kad_blocks_custom_css":"","_kad_blocks_head_custom_js":"","_kad_blocks_body_custom_js":"","_kad_blocks_footer_custom_js":"","pgc_sgb_lightbox_settings":"","footnotes":""},"class_list":["post-1596","page","type-page","status-publish"],"acf":[],"yoast_head":"<!-- This site is optimized with the Yoast SEO plugin v27.4 - https:\/\/yoast.com\/product\/yoast-seo-wordpress\/ -->\n<title>Gym by Mj\u00f8sa - Hoel G\u00e5rd | Herreg\u00e5rden ved Mj\u00f8sa<\/title>\n<meta name=\"robots\" content=\"index, follow, max-snippet:-1, max-image-preview:large, max-video-preview:-1\" \/>\n<link rel=\"canonical\" href=\"https:\/\/hoel-gaard.no\/en\/gym-by-mjosa\/\" \/>\n<meta property=\"og:locale\" content=\"en_US\" \/>\n<meta property=\"og:type\" content=\"article\" \/>\n<meta property=\"og:title\" content=\"Gym by Mj\u00f8sa - Hoel G\u00e5rd | Herreg\u00e5rden ved Mj\u00f8sa\" \/>\n<meta property=\"og:url\" content=\"https:\/\/hoel-gaard.no\/en\/gym-by-mjosa\/\" \/>\n<meta property=\"og:site_name\" content=\"Hoel G\u00e5rd | Herreg\u00e5rden ved Mj\u00f8sa\" \/>\n<meta property=\"article:publisher\" content=\"https:\/\/www.facebook.com\/Hoelgard\/\" \/>\n<meta property=\"article:modified_time\" content=\"2025-09-08T07:01:06+00:00\" \/>\n<meta property=\"og:image\" content=\"https:\/\/hoel-gaard.no\/wp-content\/uploads\/2024\/10\/HoelGardhost2024.IngerPaulsenFotografi-62.jpg\" \/>\n<meta name=\"twitter:card\" content=\"summary_large_image\" \/>\n<script type=\"application\/ld+json\" class=\"yoast-schema-graph\">{\"@context\":\"https:\\\/\\\/schema.org\",\"@graph\":[{\"@type\":\"WebPage\",\"@id\":\"https:\\\/\\\/hoel-gaard.no\\\/en\\\/gym-by-mjosa\\\/\",\"url\":\"https:\\\/\\\/hoel-gaard.no\\\/en\\\/gym-by-mjosa\\\/\",\"name\":\"Gym by Mj\u00f8sa - Hoel G\u00e5rd | Herreg\u00e5rden ved Mj\u00f8sa\",\"isPartOf\":{\"@id\":\"https:\\\/\\\/hoel-gaard.no\\\/#website\"},\"primaryImageOfPage\":{\"@id\":\"https:\\\/\\\/hoel-gaard.no\\\/en\\\/gym-by-mjosa\\\/#primaryimage\"},\"image\":{\"@id\":\"https:\\\/\\\/hoel-gaard.no\\\/en\\\/gym-by-mjosa\\\/#primaryimage\"},\"thumbnailUrl\":\"https:\\\/\\\/hoel-gaard.no\\\/wp-content\\\/uploads\\\/2024\\\/10\\\/HoelGardhost2024.IngerPaulsenFotografi-62.jpg\",\"datePublished\":\"2024-10-23T16:28:14+00:00\",\"dateModified\":\"2025-09-08T07:01:06+00:00\",\"breadcrumb\":{\"@id\":\"https:\\\/\\\/hoel-gaard.no\\\/en\\\/gym-by-mjosa\\\/#breadcrumb\"},\"inLanguage\":\"en-US\",\"potentialAction\":[{\"@type\":\"ReadAction\",\"target\":[\"https:\\\/\\\/hoel-gaard.no\\\/en\\\/gym-by-mjosa\\\/\"]}]},{\"@type\":\"ImageObject\",\"inLanguage\":\"en-US\",\"@id\":\"https:\\\/\\\/hoel-gaard.no\\\/en\\\/gym-by-mjosa\\\/#primaryimage\",\"url\":\"https:\\\/\\\/hoel-gaard.no\\\/wp-content\\\/uploads\\\/2024\\\/10\\\/HoelGardhost2024.IngerPaulsenFotografi-62.jpg\",\"contentUrl\":\"https:\\\/\\\/hoel-gaard.no\\\/wp-content\\\/uploads\\\/2024\\\/10\\\/HoelGardhost2024.IngerPaulsenFotografi-62.jpg\"},{\"@type\":\"BreadcrumbList\",\"@id\":\"https:\\\/\\\/hoel-gaard.no\\\/en\\\/gym-by-mjosa\\\/#breadcrumb\",\"itemListElement\":[{\"@type\":\"ListItem\",\"position\":1,\"name\":\"Hjem\",\"item\":\"https:\\\/\\\/hoel-gaard.no\\\/en\\\/\"},{\"@type\":\"ListItem\",\"position\":2,\"name\":\"Gym by Mj\u00f8sa\"}]},{\"@type\":\"WebSite\",\"@id\":\"https:\\\/\\\/hoel-gaard.no\\\/#website\",\"url\":\"https:\\\/\\\/hoel-gaard.no\\\/\",\"name\":\"Hoel G\u00e5rd | Herreg\u00e5rden ved Mj\u00f8sa\",\"description\":\"Herreg\u00e5rden ved Mj\u00f8sa\",\"publisher\":{\"@id\":\"https:\\\/\\\/hoel-gaard.no\\\/#organization\"},\"potentialAction\":[{\"@type\":\"SearchAction\",\"target\":{\"@type\":\"EntryPoint\",\"urlTemplate\":\"https:\\\/\\\/hoel-gaard.no\\\/?s={search_term_string}\"},\"query-input\":{\"@type\":\"PropertyValueSpecification\",\"valueRequired\":true,\"valueName\":\"search_term_string\"}}],\"inLanguage\":\"en-US\"},{\"@type\":\"Organization\",\"@id\":\"https:\\\/\\\/hoel-gaard.no\\\/#organization\",\"name\":\"Hoel G\u00e5rd | Herreg\u00e5rden ved Mj\u00f8sa\",\"url\":\"https:\\\/\\\/hoel-gaard.no\\\/\",\"logo\":{\"@type\":\"ImageObject\",\"inLanguage\":\"en-US\",\"@id\":\"https:\\\/\\\/hoel-gaard.no\\\/#\\\/schema\\\/logo\\\/image\\\/\",\"url\":\"https:\\\/\\\/hoel-gaard.no\\\/wp-content\\\/uploads\\\/2022\\\/06\\\/HG_logo_skrift.svg\",\"contentUrl\":\"https:\\\/\\\/hoel-gaard.no\\\/wp-content\\\/uploads\\\/2022\\\/06\\\/HG_logo_skrift.svg\",\"width\":220,\"height\":35,\"caption\":\"Hoel G\u00e5rd | Herreg\u00e5rden ved Mj\u00f8sa\"},\"image\":{\"@id\":\"https:\\\/\\\/hoel-gaard.no\\\/#\\\/schema\\\/logo\\\/image\\\/\"},\"sameAs\":[\"https:\\\/\\\/www.facebook.com\\\/Hoelgard\\\/\"]}]}<\/script>\n<!-- \/ Yoast SEO plugin. -->","yoast_head_json":{"title":"Gym by Mj\u00f8sa - Hoel G\u00e5rd | Herreg\u00e5rden ved Mj\u00f8sa","robots":{"index":"index","follow":"follow","max-snippet":"max-snippet:-1","max-image-preview":"max-image-preview:large","max-video-preview":"max-video-preview:-1"},"canonical":"https:\/\/hoel-gaard.no\/en\/gym-by-mjosa\/","og_locale":"en_US","og_type":"article","og_title":"Gym by Mj\u00f8sa - Hoel G\u00e5rd | Herreg\u00e5rden ved Mj\u00f8sa","og_url":"https:\/\/hoel-gaard.no\/en\/gym-by-mjosa\/","og_site_name":"Hoel G\u00e5rd | Herreg\u00e5rden ved Mj\u00f8sa","article_publisher":"https:\/\/www.facebook.com\/Hoelgard\/","article_modified_time":"2025-09-08T07:01:06+00:00","og_image":[{"url":"https:\/\/hoel-gaard.no\/wp-content\/uploads\/2024\/10\/HoelGardhost2024.IngerPaulsenFotografi-62.jpg","type":"","width":"","height":""}],"twitter_card":"summary_large_image","schema":{"@context":"https:\/\/schema.org","@graph":[{"@type":"WebPage","@id":"https:\/\/hoel-gaard.no\/en\/gym-by-mjosa\/","url":"https:\/\/hoel-gaard.no\/en\/gym-by-mjosa\/","name":"Gym by Mj\u00f8sa - Hoel G\u00e5rd | Herreg\u00e5rden ved Mj\u00f8sa","isPartOf":{"@id":"https:\/\/hoel-gaard.no\/#website"},"primaryImageOfPage":{"@id":"https:\/\/hoel-gaard.no\/en\/gym-by-mjosa\/#primaryimage"},"image":{"@id":"https:\/\/hoel-gaard.no\/en\/gym-by-mjosa\/#primaryimage"},"thumbnailUrl":"https:\/\/hoel-gaard.no\/wp-content\/uploads\/2024\/10\/HoelGardhost2024.IngerPaulsenFotografi-62.jpg","datePublished":"2024-10-23T16:28:14+00:00","dateModified":"2025-09-08T07:01:06+00:00","breadcrumb":{"@id":"https:\/\/hoel-gaard.no\/en\/gym-by-mjosa\/#breadcrumb"},"inLanguage":"en-US","potentialAction":[{"@type":"ReadAction","target":["https:\/\/hoel-gaard.no\/en\/gym-by-mjosa\/"]}]},{"@type":"ImageObject","inLanguage":"en-US","@id":"https:\/\/hoel-gaard.no\/en\/gym-by-mjosa\/#primaryimage","url":"https:\/\/hoel-gaard.no\/wp-content\/uploads\/2024\/10\/HoelGardhost2024.IngerPaulsenFotografi-62.jpg","contentUrl":"https:\/\/hoel-gaard.no\/wp-content\/uploads\/2024\/10\/HoelGardhost2024.IngerPaulsenFotografi-62.jpg"},{"@type":"BreadcrumbList","@id":"https:\/\/hoel-gaard.no\/en\/gym-by-mjosa\/#breadcrumb","itemListElement":[{"@type":"ListItem","position":1,"name":"Hjem","item":"https:\/\/hoel-gaard.no\/en\/"},{"@type":"ListItem","position":2,"name":"Gym by Mj\u00f8sa"}]},{"@type":"WebSite","@id":"https:\/\/hoel-gaard.no\/#website","url":"https:\/\/hoel-gaard.no\/","name":"Hoel G\u00e5rd | Herreg\u00e5rden ved Mj\u00f8sa","description":"Herreg\u00e5rden ved Mj\u00f8sa","publisher":{"@id":"https:\/\/hoel-gaard.no\/#organization"},"potentialAction":[{"@type":"SearchAction","target":{"@type":"EntryPoint","urlTemplate":"https:\/\/hoel-gaard.no\/?s={search_term_string}"},"query-input":{"@type":"PropertyValueSpecification","valueRequired":true,"valueName":"search_term_string"}}],"inLanguage":"en-US"},{"@type":"Organization","@id":"https:\/\/hoel-gaard.no\/#organization","name":"Hoel G\u00e5rd | Herreg\u00e5rden ved Mj\u00f8sa","url":"https:\/\/hoel-gaard.no\/","logo":{"@type":"ImageObject","inLanguage":"en-US","@id":"https:\/\/hoel-gaard.no\/#\/schema\/logo\/image\/","url":"https:\/\/hoel-gaard.no\/wp-content\/uploads\/2022\/06\/HG_logo_skrift.svg","contentUrl":"https:\/\/hoel-gaard.no\/wp-content\/uploads\/2022\/06\/HG_logo_skrift.svg","width":220,"height":35,"caption":"Hoel G\u00e5rd | Herreg\u00e5rden ved Mj\u00f8sa"},"image":{"@id":"https:\/\/hoel-gaard.no\/#\/schema\/logo\/image\/"},"sameAs":["https:\/\/www.facebook.com\/Hoelgard\/"]}]}},"taxonomy_info":[],"featured_image_src_large":false,"author_info":{"display_name":"Rikard Andresen","author_link":"https:\/\/hoel-gaard.no\/en\/author\/rikard-andresen\/"},"comment_info":0,"_links":{"self":[{"href":"https:\/\/hoel-gaard.no\/en\/wp-json\/wp\/v2\/pages\/1596","targetHints":{"allow":["GET"]}}],"collection":[{"href":"https:\/\/hoel-gaard.no\/en\/wp-json\/wp\/v2\/pages"}],"about":[{"href":"https:\/\/hoel-gaard.no\/en\/wp-json\/wp\/v2\/types\/page"}],"author":[{"embeddable":true,"href":"https:\/\/hoel-gaard.no\/en\/wp-json\/wp\/v2\/users\/1"}],"replies":[{"embeddable":true,"href":"https:\/\/hoel-gaard.no\/en\/wp-json\/wp\/v2\/comments?post=1596"}],"version-history":[{"count":4,"href":"https:\/\/hoel-gaard.no\/en\/wp-json\/wp\/v2\/pages\/1596\/revisions"}],"predecessor-version":[{"id":5269,"href":"https:\/\/hoel-gaard.no\/en\/wp-json\/wp\/v2\/pages\/1596\/revisions\/5269"}],"wp:attachment":[{"href":"https:\/\/hoel-gaard.no\/en\/wp-json\/wp\/v2\/media?parent=1596"}],"curies":[{"name":"wp","href":"https:\/\/api.w.org\/{rel}","templated":true}]}}