{"id":1607,"date":"2024-10-23T16:55:00","date_gmt":"2024-10-23T16:55:00","guid":{"rendered":"https:\/\/hoel-gaard.no\/?page_id=1607"},"modified":"2024-11-08T21:31:53","modified_gmt":"2024-11-08T21:31:53","slug":"miljo","status":"publish","type":"page","link":"https:\/\/hoel-gaard.no\/en\/miljo\/","title":{"rendered":"Environment"},"content":{"rendered":"<div class=\"gb-container gb-container-6e085524 gb-container-header\"><div class=\"gb-inside-container\">\n\n<figure class=\"gb-block-image gb-block-image-5270c813\"><img decoding=\"async\" width=\"2560\" height=\"1592\" class=\"gb-image gb-image-5270c813 gb-image-624b8c29\" src=\"https:\/\/hoel-gaard.no\/wp-content\/uploads\/2024\/10\/Hoel_077_2-scaled.jpg\" alt=\"\" title=\"Hoel_077_2\" srcset=\"https:\/\/hoel-gaard.no\/wp-content\/uploads\/2024\/10\/Hoel_077_2-scaled.jpg 2560w, https:\/\/hoel-gaard.no\/wp-content\/uploads\/2024\/10\/Hoel_077_2-300x187.jpg 300w, https:\/\/hoel-gaard.no\/wp-content\/uploads\/2024\/10\/Hoel_077_2-1024x637.jpg 1024w, https:\/\/hoel-gaard.no\/wp-content\/uploads\/2024\/10\/Hoel_077_2-768x478.jpg 768w, https:\/\/hoel-gaard.no\/wp-content\/uploads\/2024\/10\/Hoel_077_2-1536x955.jpg 1536w, https:\/\/hoel-gaard.no\/wp-content\/uploads\/2024\/10\/Hoel_077_2-2048x1273.jpg 2048w\" sizes=\"(max-width: 2560px) 100vw, 2560px\" \/><\/figure>\n\n<\/div><\/div>\n\n<div class=\"gb-container gb-container-2ad7e611 gb-container-base\"><div class=\"gb-inside-container\">\n<div class=\"gb-grid-wrapper gb-grid-wrapper-a4a67b5a gb-grid-wrapper-44dce09e\">\n<div class=\"gb-grid-column gb-grid-column-df9d216d\"><div class=\"gb-container gb-container-df9d216d\"><div class=\"gb-inside-container\">\n\n<h2 class=\"gb-headline gb-headline-5dc9157d gb-headline-text\"><em>ENVIRONMENT<\/em><\/h2>\n\n\n\n<p><em>Hoel G\u00e5rd is proud to be a certified Eco-Lighthouse, which means that we actively work to meet strict environmental standards in areas such as energy, waste, transport and purchasing. The Eco-Lighthouse certification requires continuous improvement, and we take responsibility for reducing our ecological footprint through measures such as energy efficiency, waste reduction and environmentally friendly purchasing.<\/em><\/p>\n\n\n\n<p><em>At Hoel G\u00e5rd, we care for the nature that surrounds us, and as part of our environmental work, we operate 1,500 acres of cultivated land with respect for nature&#8217;s carrying capacity. This means that we use gentle agricultural methods that help preserve soil quality, reduce the use of pesticides and minimize runoff to Lake Mj\u00f8sa. We are committed to balancing high productivity with consideration for the environment, and our goal is always to contribute to a healthy and sustainable future.<\/em><\/p>\n\n\n\n<p><em>Through the Eco-Lighthouse certification and our continuous focus on sustainable solutions, we want to create a better world &#8211; for ourselves, our guests and future generations.<\/em><\/p>\n\n\n\n<p><a href=\"https:\/\/rapportering.miljofyrtarn.no\/stats\/167685\" data-type=\"link\" data-id=\"https:\/\/rapportering.miljofyrtarn.no\/stats\/167685\"><em>Here is our report from our annual reporting to the Eco-Lighthouse Foundation.<\/em><\/a><\/p>\n\n<\/div><\/div><\/div>\n\n<div class=\"gb-grid-column gb-grid-column-c0991b83\"><div class=\"gb-container gb-container-c0991b83\"><div class=\"gb-inside-container\">\n\n<figure class=\"gb-block-image gb-block-image-469ee531\"><img decoding=\"async\" width=\"1706\" height=\"2560\" class=\"gb-image gb-image-469ee531 gb-image-grid-image\" src=\"https:\/\/hoel-gaard.no\/wp-content\/uploads\/2022\/12\/Hoel_073-scaled.jpg\" alt=\"\" title=\"Hoel_073\" srcset=\"https:\/\/hoel-gaard.no\/wp-content\/uploads\/2022\/12\/Hoel_073-scaled.jpg 1706w, https:\/\/hoel-gaard.no\/wp-content\/uploads\/2022\/12\/Hoel_073-200x300.jpg 200w, https:\/\/hoel-gaard.no\/wp-content\/uploads\/2022\/12\/Hoel_073-683x1024.jpg 683w, https:\/\/hoel-gaard.no\/wp-content\/uploads\/2022\/12\/Hoel_073-768x1152.jpg 768w, https:\/\/hoel-gaard.no\/wp-content\/uploads\/2022\/12\/Hoel_073-1024x1536.jpg 1024w, https:\/\/hoel-gaard.no\/wp-content\/uploads\/2022\/12\/Hoel_073-1365x2048.jpg 1365w\" sizes=\"(max-width: 1706px) 100vw, 1706px\" \/><\/figure>\n\n<\/div><\/div><\/div>\n<\/div>\n<\/div><\/div>\n\n\n<p><\/p>\n","protected":false},"excerpt":{"rendered":"","protected":false},"author":1,"featured_media":0,"parent":0,"menu_order":20,"comment_status":"closed","ping_status":"closed","template":"","meta":{"_acf_changed":false,"_kad_blocks_custom_css":"","_kad_blocks_head_custom_js":"","_kad_blocks_body_custom_js":"","_kad_blocks_footer_custom_js":"","pgc_sgb_lightbox_settings":"","footnotes":""},"class_list":["post-1607","page","type-page","status-publish"],"acf":[],"yoast_head":"<!-- This site is optimized with the Yoast SEO plugin v27.3 - https:\/\/yoast.com\/product\/yoast-seo-wordpress\/ -->\n<title>Environment - Hoel G\u00e5rd | Herreg\u00e5rden ved Mj\u00f8sa<\/title>\n<meta name=\"robots\" content=\"index, follow, max-snippet:-1, max-image-preview:large, max-video-preview:-1\" \/>\n<link rel=\"canonical\" href=\"https:\/\/hoel-gaard.no\/miljo\/\" \/>\n<meta property=\"og:locale\" content=\"en_US\" \/>\n<meta property=\"og:type\" content=\"article\" \/>\n<meta property=\"og:title\" content=\"Environment - Hoel G\u00e5rd | Herreg\u00e5rden ved Mj\u00f8sa\" \/>\n<meta property=\"og:url\" content=\"https:\/\/hoel-gaard.no\/miljo\/\" \/>\n<meta property=\"og:site_name\" content=\"Hoel G\u00e5rd | Herreg\u00e5rden ved Mj\u00f8sa\" \/>\n<meta property=\"article:publisher\" content=\"https:\/\/www.facebook.com\/Hoelgard\/\" \/>\n<meta property=\"article:modified_time\" content=\"2024-11-08T21:31:53+00:00\" \/>\n<meta property=\"og:image\" content=\"https:\/\/hoel-gaard.no\/wp-content\/uploads\/2024\/10\/Hoel_077_2-scaled.jpg\" \/>\n<meta name=\"twitter:card\" content=\"summary_large_image\" \/>\n<meta name=\"twitter:label1\" content=\"Est. reading time\" \/>\n\t<meta name=\"twitter:data1\" content=\"1 minute\" \/>\n<script type=\"application\/ld+json\" class=\"yoast-schema-graph\">{\"@context\":\"https:\\\/\\\/schema.org\",\"@graph\":[{\"@type\":\"WebPage\",\"@id\":\"https:\\\/\\\/hoel-gaard.no\\\/miljo\\\/\",\"url\":\"https:\\\/\\\/hoel-gaard.no\\\/miljo\\\/\",\"name\":\"Environment - Hoel G\u00e5rd | Herreg\u00e5rden ved Mj\u00f8sa\",\"isPartOf\":{\"@id\":\"https:\\\/\\\/hoel-gaard.no\\\/#website\"},\"primaryImageOfPage\":{\"@id\":\"https:\\\/\\\/hoel-gaard.no\\\/miljo\\\/#primaryimage\"},\"image\":{\"@id\":\"https:\\\/\\\/hoel-gaard.no\\\/miljo\\\/#primaryimage\"},\"thumbnailUrl\":\"https:\\\/\\\/hoel-gaard.no\\\/wp-content\\\/uploads\\\/2024\\\/10\\\/Hoel_077_2-scaled.jpg\",\"datePublished\":\"2024-10-23T16:55:00+00:00\",\"dateModified\":\"2024-11-08T21:31:53+00:00\",\"breadcrumb\":{\"@id\":\"https:\\\/\\\/hoel-gaard.no\\\/miljo\\\/#breadcrumb\"},\"inLanguage\":\"en-US\",\"potentialAction\":[{\"@type\":\"ReadAction\",\"target\":[\"https:\\\/\\\/hoel-gaard.no\\\/miljo\\\/\"]}]},{\"@type\":\"ImageObject\",\"inLanguage\":\"en-US\",\"@id\":\"https:\\\/\\\/hoel-gaard.no\\\/miljo\\\/#primaryimage\",\"url\":\"https:\\\/\\\/hoel-gaard.no\\\/wp-content\\\/uploads\\\/2024\\\/10\\\/Hoel_077_2-scaled.jpg\",\"contentUrl\":\"https:\\\/\\\/hoel-gaard.no\\\/wp-content\\\/uploads\\\/2024\\\/10\\\/Hoel_077_2-scaled.jpg\"},{\"@type\":\"BreadcrumbList\",\"@id\":\"https:\\\/\\\/hoel-gaard.no\\\/miljo\\\/#breadcrumb\",\"itemListElement\":[{\"@type\":\"ListItem\",\"position\":1,\"name\":\"Hjem\",\"item\":\"https:\\\/\\\/hoel-gaard.no\\\/en\\\/\"},{\"@type\":\"ListItem\",\"position\":2,\"name\":\"Environment\"}]},{\"@type\":\"WebSite\",\"@id\":\"https:\\\/\\\/hoel-gaard.no\\\/#website\",\"url\":\"https:\\\/\\\/hoel-gaard.no\\\/\",\"name\":\"Hoel G\u00e5rd | Herreg\u00e5rden ved Mj\u00f8sa\",\"description\":\"\",\"publisher\":{\"@id\":\"https:\\\/\\\/hoel-gaard.no\\\/#organization\"},\"potentialAction\":[{\"@type\":\"SearchAction\",\"target\":{\"@type\":\"EntryPoint\",\"urlTemplate\":\"https:\\\/\\\/hoel-gaard.no\\\/?s={search_term_string}\"},\"query-input\":{\"@type\":\"PropertyValueSpecification\",\"valueRequired\":true,\"valueName\":\"search_term_string\"}}],\"inLanguage\":\"en-US\"},{\"@type\":\"Organization\",\"@id\":\"https:\\\/\\\/hoel-gaard.no\\\/#organization\",\"name\":\"Hoel G\u00e5rd | Herreg\u00e5rden ved Mj\u00f8sa\",\"url\":\"https:\\\/\\\/hoel-gaard.no\\\/\",\"logo\":{\"@type\":\"ImageObject\",\"inLanguage\":\"en-US\",\"@id\":\"https:\\\/\\\/hoel-gaard.no\\\/#\\\/schema\\\/logo\\\/image\\\/\",\"url\":\"https:\\\/\\\/hoel-gaard.no\\\/wp-content\\\/uploads\\\/2022\\\/06\\\/HG_logo_skrift.svg\",\"contentUrl\":\"https:\\\/\\\/hoel-gaard.no\\\/wp-content\\\/uploads\\\/2022\\\/06\\\/HG_logo_skrift.svg\",\"width\":220,\"height\":35,\"caption\":\"Hoel G\u00e5rd | Herreg\u00e5rden ved Mj\u00f8sa\"},\"image\":{\"@id\":\"https:\\\/\\\/hoel-gaard.no\\\/#\\\/schema\\\/logo\\\/image\\\/\"},\"sameAs\":[\"https:\\\/\\\/www.facebook.com\\\/Hoelgard\\\/\"]}]}<\/script>\n<!-- \/ Yoast SEO plugin. -->","yoast_head_json":{"title":"Environment - Hoel G\u00e5rd | Herreg\u00e5rden ved Mj\u00f8sa","robots":{"index":"index","follow":"follow","max-snippet":"max-snippet:-1","max-image-preview":"max-image-preview:large","max-video-preview":"max-video-preview:-1"},"canonical":"https:\/\/hoel-gaard.no\/miljo\/","og_locale":"en_US","og_type":"article","og_title":"Environment - Hoel G\u00e5rd | Herreg\u00e5rden ved Mj\u00f8sa","og_url":"https:\/\/hoel-gaard.no\/miljo\/","og_site_name":"Hoel G\u00e5rd | Herreg\u00e5rden ved Mj\u00f8sa","article_publisher":"https:\/\/www.facebook.com\/Hoelgard\/","article_modified_time":"2024-11-08T21:31:53+00:00","og_image":[{"url":"https:\/\/hoel-gaard.no\/wp-content\/uploads\/2024\/10\/Hoel_077_2-scaled.jpg","type":"","width":"","height":""}],"twitter_card":"summary_large_image","twitter_misc":{"Est. reading time":"1 minute"},"schema":{"@context":"https:\/\/schema.org","@graph":[{"@type":"WebPage","@id":"https:\/\/hoel-gaard.no\/miljo\/","url":"https:\/\/hoel-gaard.no\/miljo\/","name":"Environment - Hoel G\u00e5rd | Herreg\u00e5rden ved Mj\u00f8sa","isPartOf":{"@id":"https:\/\/hoel-gaard.no\/#website"},"primaryImageOfPage":{"@id":"https:\/\/hoel-gaard.no\/miljo\/#primaryimage"},"image":{"@id":"https:\/\/hoel-gaard.no\/miljo\/#primaryimage"},"thumbnailUrl":"https:\/\/hoel-gaard.no\/wp-content\/uploads\/2024\/10\/Hoel_077_2-scaled.jpg","datePublished":"2024-10-23T16:55:00+00:00","dateModified":"2024-11-08T21:31:53+00:00","breadcrumb":{"@id":"https:\/\/hoel-gaard.no\/miljo\/#breadcrumb"},"inLanguage":"en-US","potentialAction":[{"@type":"ReadAction","target":["https:\/\/hoel-gaard.no\/miljo\/"]}]},{"@type":"ImageObject","inLanguage":"en-US","@id":"https:\/\/hoel-gaard.no\/miljo\/#primaryimage","url":"https:\/\/hoel-gaard.no\/wp-content\/uploads\/2024\/10\/Hoel_077_2-scaled.jpg","contentUrl":"https:\/\/hoel-gaard.no\/wp-content\/uploads\/2024\/10\/Hoel_077_2-scaled.jpg"},{"@type":"BreadcrumbList","@id":"https:\/\/hoel-gaard.no\/miljo\/#breadcrumb","itemListElement":[{"@type":"ListItem","position":1,"name":"Hjem","item":"https:\/\/hoel-gaard.no\/en\/"},{"@type":"ListItem","position":2,"name":"Environment"}]},{"@type":"WebSite","@id":"https:\/\/hoel-gaard.no\/#website","url":"https:\/\/hoel-gaard.no\/","name":"Hoel G\u00e5rd | Herreg\u00e5rden ved Mj\u00f8sa","description":"","publisher":{"@id":"https:\/\/hoel-gaard.no\/#organization"},"potentialAction":[{"@type":"SearchAction","target":{"@type":"EntryPoint","urlTemplate":"https:\/\/hoel-gaard.no\/?s={search_term_string}"},"query-input":{"@type":"PropertyValueSpecification","valueRequired":true,"valueName":"search_term_string"}}],"inLanguage":"en-US"},{"@type":"Organization","@id":"https:\/\/hoel-gaard.no\/#organization","name":"Hoel G\u00e5rd | Herreg\u00e5rden ved Mj\u00f8sa","url":"https:\/\/hoel-gaard.no\/","logo":{"@type":"ImageObject","inLanguage":"en-US","@id":"https:\/\/hoel-gaard.no\/#\/schema\/logo\/image\/","url":"https:\/\/hoel-gaard.no\/wp-content\/uploads\/2022\/06\/HG_logo_skrift.svg","contentUrl":"https:\/\/hoel-gaard.no\/wp-content\/uploads\/2022\/06\/HG_logo_skrift.svg","width":220,"height":35,"caption":"Hoel G\u00e5rd | Herreg\u00e5rden ved Mj\u00f8sa"},"image":{"@id":"https:\/\/hoel-gaard.no\/#\/schema\/logo\/image\/"},"sameAs":["https:\/\/www.facebook.com\/Hoelgard\/"]}]}},"taxonomy_info":[],"featured_image_src_large":false,"author_info":{"display_name":"Rikard Andresen","author_link":"https:\/\/hoel-gaard.no\/en\/author\/rikard-andresen\/"},"comment_info":0,"_links":{"self":[{"href":"https:\/\/hoel-gaard.no\/en\/wp-json\/wp\/v2\/pages\/1607","targetHints":{"allow":["GET"]}}],"collection":[{"href":"https:\/\/hoel-gaard.no\/en\/wp-json\/wp\/v2\/pages"}],"about":[{"href":"https:\/\/hoel-gaard.no\/en\/wp-json\/wp\/v2\/types\/page"}],"author":[{"embeddable":true,"href":"https:\/\/hoel-gaard.no\/en\/wp-json\/wp\/v2\/users\/1"}],"replies":[{"embeddable":true,"href":"https:\/\/hoel-gaard.no\/en\/wp-json\/wp\/v2\/comments?post=1607"}],"version-history":[{"count":3,"href":"https:\/\/hoel-gaard.no\/en\/wp-json\/wp\/v2\/pages\/1607\/revisions"}],"predecessor-version":[{"id":1626,"href":"https:\/\/hoel-gaard.no\/en\/wp-json\/wp\/v2\/pages\/1607\/revisions\/1626"}],"wp:attachment":[{"href":"https:\/\/hoel-gaard.no\/en\/wp-json\/wp\/v2\/media?parent=1607"}],"curies":[{"name":"wp","href":"https:\/\/api.w.org\/{rel}","templated":true}]}}