{"id":1656,"date":"2024-11-26T19:45:11","date_gmt":"2024-11-26T19:45:11","guid":{"rendered":"https:\/\/hoel-gaard.no\/?page_id=1656"},"modified":"2024-12-08T19:59:00","modified_gmt":"2024-12-08T19:59:00","slug":"table-reservations","status":"publish","type":"page","link":"https:\/\/hoel-gaard.no\/en\/table-reservations\/","title":{"rendered":"Table Reservations"},"content":{"rendered":"<div class=\"gb-container gb-container-6e085524 gb-container-header\"><div class=\"gb-inside-container\">\n\n<figure class=\"gb-block-image gb-block-image-93d194bb\"><img decoding=\"async\" width=\"1932\" height=\"1378\" class=\"gb-image gb-image-93d194bb gb-image-624b8c29\" src=\"https:\/\/hoel-gaard.no\/wp-content\/uploads\/2024\/11\/hoel-gard-24-scaled-e1732649988541.jpg\" alt=\"\" title=\"hoel ga\u030ard-24\" srcset=\"https:\/\/hoel-gaard.no\/wp-content\/uploads\/2024\/11\/hoel-gard-24-scaled-e1732649988541.jpg 1932w, https:\/\/hoel-gaard.no\/wp-content\/uploads\/2024\/11\/hoel-gard-24-scaled-e1732649988541-300x214.jpg 300w, https:\/\/hoel-gaard.no\/wp-content\/uploads\/2024\/11\/hoel-gard-24-scaled-e1732649988541-1024x730.jpg 1024w, https:\/\/hoel-gaard.no\/wp-content\/uploads\/2024\/11\/hoel-gard-24-scaled-e1732649988541-768x548.jpg 768w, https:\/\/hoel-gaard.no\/wp-content\/uploads\/2024\/11\/hoel-gard-24-scaled-e1732649988541-1536x1096.jpg 1536w\" sizes=\"(max-width: 1932px) 100vw, 1932px\" \/><\/figure>\n\n<\/div><\/div>\n\n<div class=\"gb-container gb-container-e294a947 gb-container-base\"><div class=\"gb-inside-container\">\n<div class=\"gb-grid-wrapper gb-grid-wrapper-a4a67b5a gb-grid-wrapper-44dce09e\">\n<div class=\"gb-grid-column gb-grid-column-df9d216d\"><div class=\"gb-container gb-container-df9d216d\"><div class=\"gb-inside-container\">\n\n<h2 class=\"gb-headline gb-headline-5dc9157d gb-headline-text\"><em>TABLE RESERVATIONS<\/em><\/h2>\n\n\n\n<p><em>We accept reservations for breakfast, lunch and dinner subject to availability.<\/em><\/p>\n\n\n\n<p><strong><em>Breakfast:<\/em><\/strong><br><strong><em>250,- per person.<\/em> <\/strong><br><em>Traditional farm breakfast (buffet)<\/em>.<\/p>\n\n\n\n<p><strong><em>Lunsj:<br>The days 2 course menu from 495,- per person.<\/em><\/strong><\/p>\n\n\n\n<p><em><strong>Lunch buffet:<\/strong><\/em><br><em><strong>495,- for 2 people<\/strong><\/em><br><em>Buffet with cheeses, hams, homemade bread,<br>whipped butter and exquisite flavors.<\/em><\/p>\n\n\n\n<p><strong><em>3-course dinner:<\/em><\/strong><br><strong><em>945,- per person.<\/em><\/strong><br><em>Drinks are additional.<\/em><\/p>\n\n\n\n<p><em>Lunch and dinner: Closed on Sundays<\/em><\/p>\n\n\n\n<p><em>Send your inquiry to our restaurant manager <\/em><br><em>Amalie at <a href=\"mailto:hovmester@hoel-gaard.no\" target=\"_blank\" rel=\"noreferrer noopener\">hovmester@hoel-gaard.no<\/a><\/em><\/p>\n\n\n\n<p><em>Welcome!&nbsp;<\/em><\/p>\n\n<\/div><\/div><\/div>\n\n<div class=\"gb-grid-column gb-grid-column-545fa67e\"><div class=\"gb-container gb-container-545fa67e\"><div class=\"gb-inside-container\">\n\n<figure class=\"gb-block-image gb-block-image-5025b2a7\"><img decoding=\"async\" width=\"1707\" height=\"2560\" class=\"gb-image gb-image-5025b2a7 gb-image-grid-image\" src=\"https:\/\/hoel-gaard.no\/wp-content\/uploads\/2024\/11\/hoel-gard-32-scaled.jpg\" alt=\"\" title=\"hoel ga\u030ard-32\" srcset=\"https:\/\/hoel-gaard.no\/wp-content\/uploads\/2024\/11\/hoel-gard-32-scaled.jpg 1707w, https:\/\/hoel-gaard.no\/wp-content\/uploads\/2024\/11\/hoel-gard-32-200x300.jpg 200w, https:\/\/hoel-gaard.no\/wp-content\/uploads\/2024\/11\/hoel-gard-32-683x1024.jpg 683w, https:\/\/hoel-gaard.no\/wp-content\/uploads\/2024\/11\/hoel-gard-32-768x1152.jpg 768w, https:\/\/hoel-gaard.no\/wp-content\/uploads\/2024\/11\/hoel-gard-32-1024x1536.jpg 1024w, https:\/\/hoel-gaard.no\/wp-content\/uploads\/2024\/11\/hoel-gard-32-1365x2048.jpg 1365w\" sizes=\"(max-width: 1707px) 100vw, 1707px\" \/><\/figure>\n\n<\/div><\/div><\/div>\n<\/div>\n<\/div><\/div>\n\n<div class=\"gb-container gb-container-6ca84636 alignfull gb-container-colour-switch-base\"><div class=\"gb-inside-container\">\n<div class=\"gb-container gb-container-5253bea5 gb-container-base\"><div class=\"gb-inside-container\">\n\n<figure class=\"gb-block-image gb-block-image-4baa591c\"><img decoding=\"async\" width=\"2560\" height=\"1706\" class=\"gb-image gb-image-4baa591c gb-image-grid-image\" src=\"https:\/\/hoel-gaard.no\/wp-content\/uploads\/2024\/11\/hoel-gard-november-24-foto-ringsaker-kommune_57-scaled.jpg\" alt=\"\" title=\"hoel ga\u030ard november 24 foto ringsaker kommune_57\" srcset=\"https:\/\/hoel-gaard.no\/wp-content\/uploads\/2024\/11\/hoel-gard-november-24-foto-ringsaker-kommune_57-scaled.jpg 2560w, https:\/\/hoel-gaard.no\/wp-content\/uploads\/2024\/11\/hoel-gard-november-24-foto-ringsaker-kommune_57-300x200.jpg 300w, https:\/\/hoel-gaard.no\/wp-content\/uploads\/2024\/11\/hoel-gard-november-24-foto-ringsaker-kommune_57-1024x683.jpg 1024w, https:\/\/hoel-gaard.no\/wp-content\/uploads\/2024\/11\/hoel-gard-november-24-foto-ringsaker-kommune_57-768x512.jpg 768w, https:\/\/hoel-gaard.no\/wp-content\/uploads\/2024\/11\/hoel-gard-november-24-foto-ringsaker-kommune_57-1536x1024.jpg 1536w, https:\/\/hoel-gaard.no\/wp-content\/uploads\/2024\/11\/hoel-gard-november-24-foto-ringsaker-kommune_57-2048x1365.jpg 2048w\" sizes=\"(max-width: 2560px) 100vw, 2560px\" \/><\/figure>\n\n<\/div><\/div>\n<\/div><\/div>\n\n\n<p><\/p>\n","protected":false},"excerpt":{"rendered":"","protected":false},"author":1,"featured_media":0,"parent":0,"menu_order":57,"comment_status":"closed","ping_status":"closed","template":"","meta":{"_acf_changed":false,"_kad_blocks_custom_css":"","_kad_blocks_head_custom_js":"","_kad_blocks_body_custom_js":"","_kad_blocks_footer_custom_js":"","pgc_sgb_lightbox_settings":"","footnotes":""},"class_list":["post-1656","page","type-page","status-publish"],"acf":[],"yoast_head":"<!-- This site is optimized with the Yoast SEO plugin v27.5 - https:\/\/yoast.com\/product\/yoast-seo-wordpress\/ -->\n<title>Table Reservations - Hoel G\u00e5rd | Herreg\u00e5rden ved Mj\u00f8sa<\/title>\n<meta name=\"robots\" content=\"index, follow, max-snippet:-1, max-image-preview:large, max-video-preview:-1\" \/>\n<link rel=\"canonical\" href=\"https:\/\/hoel-gaard.no\/bordreservasjon\/\" \/>\n<meta property=\"og:locale\" content=\"en_US\" \/>\n<meta property=\"og:type\" content=\"article\" \/>\n<meta property=\"og:title\" content=\"Table Reservations - Hoel G\u00e5rd | Herreg\u00e5rden ved Mj\u00f8sa\" \/>\n<meta property=\"og:url\" content=\"https:\/\/hoel-gaard.no\/bordreservasjon\/\" \/>\n<meta property=\"og:site_name\" content=\"Hoel G\u00e5rd | Herreg\u00e5rden ved Mj\u00f8sa\" \/>\n<meta property=\"article:publisher\" content=\"https:\/\/www.facebook.com\/Hoelgard\/\" \/>\n<meta property=\"article:modified_time\" content=\"2024-12-08T19:59:00+00:00\" \/>\n<meta property=\"og:image\" content=\"https:\/\/hoel-gaard.no\/wp-content\/uploads\/2024\/11\/hoel-gard-24-scaled-e1732649988541.jpg\" \/>\n<meta name=\"twitter:card\" content=\"summary_large_image\" \/>\n<script type=\"application\/ld+json\" class=\"yoast-schema-graph\">{\"@context\":\"https:\\\/\\\/schema.org\",\"@graph\":[{\"@type\":\"WebPage\",\"@id\":\"https:\\\/\\\/hoel-gaard.no\\\/bordreservasjon\\\/\",\"url\":\"https:\\\/\\\/hoel-gaard.no\\\/bordreservasjon\\\/\",\"name\":\"Table Reservations - Hoel G\u00e5rd | Herreg\u00e5rden ved Mj\u00f8sa\",\"isPartOf\":{\"@id\":\"https:\\\/\\\/hoel-gaard.no\\\/#website\"},\"primaryImageOfPage\":{\"@id\":\"https:\\\/\\\/hoel-gaard.no\\\/bordreservasjon\\\/#primaryimage\"},\"image\":{\"@id\":\"https:\\\/\\\/hoel-gaard.no\\\/bordreservasjon\\\/#primaryimage\"},\"thumbnailUrl\":\"https:\\\/\\\/hoel-gaard.no\\\/wp-content\\\/uploads\\\/2024\\\/11\\\/hoel-gard-24-scaled-e1732649988541.jpg\",\"datePublished\":\"2024-11-26T19:45:11+00:00\",\"dateModified\":\"2024-12-08T19:59:00+00:00\",\"breadcrumb\":{\"@id\":\"https:\\\/\\\/hoel-gaard.no\\\/bordreservasjon\\\/#breadcrumb\"},\"inLanguage\":\"en-US\",\"potentialAction\":[{\"@type\":\"ReadAction\",\"target\":[\"https:\\\/\\\/hoel-gaard.no\\\/bordreservasjon\\\/\"]}]},{\"@type\":\"ImageObject\",\"inLanguage\":\"en-US\",\"@id\":\"https:\\\/\\\/hoel-gaard.no\\\/bordreservasjon\\\/#primaryimage\",\"url\":\"https:\\\/\\\/hoel-gaard.no\\\/wp-content\\\/uploads\\\/2024\\\/11\\\/hoel-gard-24-scaled-e1732649988541.jpg\",\"contentUrl\":\"https:\\\/\\\/hoel-gaard.no\\\/wp-content\\\/uploads\\\/2024\\\/11\\\/hoel-gard-24-scaled-e1732649988541.jpg\"},{\"@type\":\"BreadcrumbList\",\"@id\":\"https:\\\/\\\/hoel-gaard.no\\\/bordreservasjon\\\/#breadcrumb\",\"itemListElement\":[{\"@type\":\"ListItem\",\"position\":1,\"name\":\"Hjem\",\"item\":\"https:\\\/\\\/hoel-gaard.no\\\/en\\\/\"},{\"@type\":\"ListItem\",\"position\":2,\"name\":\"Table Reservations\"}]},{\"@type\":\"WebSite\",\"@id\":\"https:\\\/\\\/hoel-gaard.no\\\/#website\",\"url\":\"https:\\\/\\\/hoel-gaard.no\\\/\",\"name\":\"Hoel G\u00e5rd | Herreg\u00e5rden ved Mj\u00f8sa\",\"description\":\"Herreg\u00e5rden ved Mj\u00f8sa\",\"publisher\":{\"@id\":\"https:\\\/\\\/hoel-gaard.no\\\/#organization\"},\"potentialAction\":[{\"@type\":\"SearchAction\",\"target\":{\"@type\":\"EntryPoint\",\"urlTemplate\":\"https:\\\/\\\/hoel-gaard.no\\\/?s={search_term_string}\"},\"query-input\":{\"@type\":\"PropertyValueSpecification\",\"valueRequired\":true,\"valueName\":\"search_term_string\"}}],\"inLanguage\":\"en-US\"},{\"@type\":\"Organization\",\"@id\":\"https:\\\/\\\/hoel-gaard.no\\\/#organization\",\"name\":\"Hoel G\u00e5rd | Herreg\u00e5rden ved Mj\u00f8sa\",\"url\":\"https:\\\/\\\/hoel-gaard.no\\\/\",\"logo\":{\"@type\":\"ImageObject\",\"inLanguage\":\"en-US\",\"@id\":\"https:\\\/\\\/hoel-gaard.no\\\/#\\\/schema\\\/logo\\\/image\\\/\",\"url\":\"https:\\\/\\\/hoel-gaard.no\\\/wp-content\\\/uploads\\\/2022\\\/06\\\/HG_logo_skrift.svg\",\"contentUrl\":\"https:\\\/\\\/hoel-gaard.no\\\/wp-content\\\/uploads\\\/2022\\\/06\\\/HG_logo_skrift.svg\",\"width\":220,\"height\":35,\"caption\":\"Hoel G\u00e5rd | Herreg\u00e5rden ved Mj\u00f8sa\"},\"image\":{\"@id\":\"https:\\\/\\\/hoel-gaard.no\\\/#\\\/schema\\\/logo\\\/image\\\/\"},\"sameAs\":[\"https:\\\/\\\/www.facebook.com\\\/Hoelgard\\\/\"]}]}<\/script>\n<!-- \/ Yoast SEO plugin. -->","yoast_head_json":{"title":"Table Reservations - Hoel G\u00e5rd | Herreg\u00e5rden ved Mj\u00f8sa","robots":{"index":"index","follow":"follow","max-snippet":"max-snippet:-1","max-image-preview":"max-image-preview:large","max-video-preview":"max-video-preview:-1"},"canonical":"https:\/\/hoel-gaard.no\/bordreservasjon\/","og_locale":"en_US","og_type":"article","og_title":"Table Reservations - Hoel G\u00e5rd | Herreg\u00e5rden ved Mj\u00f8sa","og_url":"https:\/\/hoel-gaard.no\/bordreservasjon\/","og_site_name":"Hoel G\u00e5rd | Herreg\u00e5rden ved Mj\u00f8sa","article_publisher":"https:\/\/www.facebook.com\/Hoelgard\/","article_modified_time":"2024-12-08T19:59:00+00:00","og_image":[{"url":"https:\/\/hoel-gaard.no\/wp-content\/uploads\/2024\/11\/hoel-gard-24-scaled-e1732649988541.jpg","type":"","width":"","height":""}],"twitter_card":"summary_large_image","schema":{"@context":"https:\/\/schema.org","@graph":[{"@type":"WebPage","@id":"https:\/\/hoel-gaard.no\/bordreservasjon\/","url":"https:\/\/hoel-gaard.no\/bordreservasjon\/","name":"Table Reservations - Hoel G\u00e5rd | Herreg\u00e5rden ved Mj\u00f8sa","isPartOf":{"@id":"https:\/\/hoel-gaard.no\/#website"},"primaryImageOfPage":{"@id":"https:\/\/hoel-gaard.no\/bordreservasjon\/#primaryimage"},"image":{"@id":"https:\/\/hoel-gaard.no\/bordreservasjon\/#primaryimage"},"thumbnailUrl":"https:\/\/hoel-gaard.no\/wp-content\/uploads\/2024\/11\/hoel-gard-24-scaled-e1732649988541.jpg","datePublished":"2024-11-26T19:45:11+00:00","dateModified":"2024-12-08T19:59:00+00:00","breadcrumb":{"@id":"https:\/\/hoel-gaard.no\/bordreservasjon\/#breadcrumb"},"inLanguage":"en-US","potentialAction":[{"@type":"ReadAction","target":["https:\/\/hoel-gaard.no\/bordreservasjon\/"]}]},{"@type":"ImageObject","inLanguage":"en-US","@id":"https:\/\/hoel-gaard.no\/bordreservasjon\/#primaryimage","url":"https:\/\/hoel-gaard.no\/wp-content\/uploads\/2024\/11\/hoel-gard-24-scaled-e1732649988541.jpg","contentUrl":"https:\/\/hoel-gaard.no\/wp-content\/uploads\/2024\/11\/hoel-gard-24-scaled-e1732649988541.jpg"},{"@type":"BreadcrumbList","@id":"https:\/\/hoel-gaard.no\/bordreservasjon\/#breadcrumb","itemListElement":[{"@type":"ListItem","position":1,"name":"Hjem","item":"https:\/\/hoel-gaard.no\/en\/"},{"@type":"ListItem","position":2,"name":"Table Reservations"}]},{"@type":"WebSite","@id":"https:\/\/hoel-gaard.no\/#website","url":"https:\/\/hoel-gaard.no\/","name":"Hoel G\u00e5rd | Herreg\u00e5rden ved Mj\u00f8sa","description":"Herreg\u00e5rden ved Mj\u00f8sa","publisher":{"@id":"https:\/\/hoel-gaard.no\/#organization"},"potentialAction":[{"@type":"SearchAction","target":{"@type":"EntryPoint","urlTemplate":"https:\/\/hoel-gaard.no\/?s={search_term_string}"},"query-input":{"@type":"PropertyValueSpecification","valueRequired":true,"valueName":"search_term_string"}}],"inLanguage":"en-US"},{"@type":"Organization","@id":"https:\/\/hoel-gaard.no\/#organization","name":"Hoel G\u00e5rd | Herreg\u00e5rden ved Mj\u00f8sa","url":"https:\/\/hoel-gaard.no\/","logo":{"@type":"ImageObject","inLanguage":"en-US","@id":"https:\/\/hoel-gaard.no\/#\/schema\/logo\/image\/","url":"https:\/\/hoel-gaard.no\/wp-content\/uploads\/2022\/06\/HG_logo_skrift.svg","contentUrl":"https:\/\/hoel-gaard.no\/wp-content\/uploads\/2022\/06\/HG_logo_skrift.svg","width":220,"height":35,"caption":"Hoel G\u00e5rd | Herreg\u00e5rden ved Mj\u00f8sa"},"image":{"@id":"https:\/\/hoel-gaard.no\/#\/schema\/logo\/image\/"},"sameAs":["https:\/\/www.facebook.com\/Hoelgard\/"]}]}},"taxonomy_info":[],"featured_image_src_large":false,"author_info":{"display_name":"Rikard Andresen","author_link":"https:\/\/hoel-gaard.no\/en\/author\/rikard-andresen\/"},"comment_info":0,"_links":{"self":[{"href":"https:\/\/hoel-gaard.no\/en\/wp-json\/wp\/v2\/pages\/1656","targetHints":{"allow":["GET"]}}],"collection":[{"href":"https:\/\/hoel-gaard.no\/en\/wp-json\/wp\/v2\/pages"}],"about":[{"href":"https:\/\/hoel-gaard.no\/en\/wp-json\/wp\/v2\/types\/page"}],"author":[{"embeddable":true,"href":"https:\/\/hoel-gaard.no\/en\/wp-json\/wp\/v2\/users\/1"}],"replies":[{"embeddable":true,"href":"https:\/\/hoel-gaard.no\/en\/wp-json\/wp\/v2\/comments?post=1656"}],"version-history":[{"count":5,"href":"https:\/\/hoel-gaard.no\/en\/wp-json\/wp\/v2\/pages\/1656\/revisions"}],"predecessor-version":[{"id":1687,"href":"https:\/\/hoel-gaard.no\/en\/wp-json\/wp\/v2\/pages\/1656\/revisions\/1687"}],"wp:attachment":[{"href":"https:\/\/hoel-gaard.no\/en\/wp-json\/wp\/v2\/media?parent=1656"}],"curies":[{"name":"wp","href":"https:\/\/api.w.org\/{rel}","templated":true}]}}