{"id":5296,"date":"2022-12-14T11:48:31","date_gmt":"2022-12-14T11:48:31","guid":{"rendered":"https:\/\/hoel-gaard.no\/farm-operations\/"},"modified":"2025-09-08T07:01:54","modified_gmt":"2025-09-08T07:01:54","slug":"farm-operations","status":"publish","type":"page","link":"https:\/\/hoel-gaard.no\/en\/farm-operations\/","title":{"rendered":"Farm operations"},"content":{"rendered":"<div class=\"gb-container gb-container-6e085524 gb-container-header\"><div class=\"gb-inside-container\">\n\n<figure class=\"gb-block-image gb-block-image-399a4c2c\"><img decoding=\"async\" width=\"2560\" height=\"1707\" class=\"gb-image gb-image-399a4c2c gb-image-header\" src=\"https:\/\/hoel-gaard.no\/wp-content\/uploads\/2022\/12\/oivindhaug_Hoel_Gard_13-10-22_1994-scaled.jpg\" alt=\"\" title=\"Hoel G\u00e5rd\" srcset=\"https:\/\/hoel-gaard.no\/wp-content\/uploads\/2022\/12\/oivindhaug_Hoel_Gard_13-10-22_1994-scaled.jpg 2560w, https:\/\/hoel-gaard.no\/wp-content\/uploads\/2022\/12\/oivindhaug_Hoel_Gard_13-10-22_1994-300x200.jpg 300w, https:\/\/hoel-gaard.no\/wp-content\/uploads\/2022\/12\/oivindhaug_Hoel_Gard_13-10-22_1994-1024x683.jpg 1024w, https:\/\/hoel-gaard.no\/wp-content\/uploads\/2022\/12\/oivindhaug_Hoel_Gard_13-10-22_1994-768x512.jpg 768w, https:\/\/hoel-gaard.no\/wp-content\/uploads\/2022\/12\/oivindhaug_Hoel_Gard_13-10-22_1994-1536x1024.jpg 1536w, https:\/\/hoel-gaard.no\/wp-content\/uploads\/2022\/12\/oivindhaug_Hoel_Gard_13-10-22_1994-2048x1365.jpg 2048w\" sizes=\"(max-width: 2560px) 100vw, 2560px\" \/><\/figure>\n\n<\/div><\/div><div class=\"gb-container gb-container-e294a947 gb-container-base\"><div class=\"gb-inside-container\">\n<div class=\"gb-grid-wrapper gb-grid-wrapper-a4a67b5a gb-grid-wrapper-44dce09e\">\n<div class=\"gb-grid-column gb-grid-column-df9d216d\"><div class=\"gb-container gb-container-df9d216d\"><div class=\"gb-inside-container\">\n\n<h2 class=\"gb-headline gb-headline-5dc9157d gb-headline-text\"><em>LIVING LARGE FARM<\/em>.<\/h2>\n\n\n\n<p><em>Hoel G\u00e5rd is a modern and efficient farm with a cultivated area of 1330 acres, divided between grain and potatoes.  <\/em><em>In addition, there is a production of 180,000 broilers a year.<\/em><\/p>\n\n<\/div><\/div><\/div>\n\n<div class=\"gb-grid-column gb-grid-column-176d7827\"><div class=\"gb-container gb-container-176d7827\"><div class=\"gb-inside-container\">\n\n<figure class=\"gb-block-image gb-block-image-9c3d2fb5\"><img decoding=\"async\" width=\"1707\" height=\"2560\" class=\"gb-image gb-image-9c3d2fb5 img-position-bottom gb-image-grid-image\" src=\"https:\/\/hoel-gaard.no\/wp-content\/uploads\/2022\/12\/Hoel_077-scaled.jpg\" alt=\"\" title=\"Hoel_077\" srcset=\"https:\/\/hoel-gaard.no\/wp-content\/uploads\/2022\/12\/Hoel_077-scaled.jpg 1707w, https:\/\/hoel-gaard.no\/wp-content\/uploads\/2022\/12\/Hoel_077-200x300.jpg 200w, https:\/\/hoel-gaard.no\/wp-content\/uploads\/2022\/12\/Hoel_077-683x1024.jpg 683w, https:\/\/hoel-gaard.no\/wp-content\/uploads\/2022\/12\/Hoel_077-768x1152.jpg 768w, https:\/\/hoel-gaard.no\/wp-content\/uploads\/2022\/12\/Hoel_077-1024x1536.jpg 1024w, https:\/\/hoel-gaard.no\/wp-content\/uploads\/2022\/12\/Hoel_077-1365x2048.jpg 1365w\" sizes=\"(max-width: 1707px) 100vw, 1707px\" \/><\/figure>\n\n<\/div><\/div><\/div>\n<\/div>\n<\/div><\/div><div class=\"gb-container gb-container-16f5eb3c gb-container-base\"><div class=\"gb-inside-container\">\n<div class=\"gb-grid-wrapper gb-grid-wrapper-5ef96b13 gb-grid-wrapper-44dce09e\">\n<div class=\"gb-grid-column gb-grid-column-50de0e4c\"><div class=\"gb-container gb-container-50de0e4c\"><div class=\"gb-inside-container\">\n\n<figure class=\"gb-block-image gb-block-image-2553584d\"><img decoding=\"async\" width=\"1706\" height=\"2560\" class=\"gb-image gb-image-2553584d gb-image-grid-image\" src=\"https:\/\/hoel-gaard.no\/wp-content\/uploads\/2022\/12\/Hoel_073-scaled.jpg\" alt=\"\" title=\"Hoel_073\" srcset=\"https:\/\/hoel-gaard.no\/wp-content\/uploads\/2022\/12\/Hoel_073-scaled.jpg 1706w, https:\/\/hoel-gaard.no\/wp-content\/uploads\/2022\/12\/Hoel_073-200x300.jpg 200w, https:\/\/hoel-gaard.no\/wp-content\/uploads\/2022\/12\/Hoel_073-683x1024.jpg 683w, https:\/\/hoel-gaard.no\/wp-content\/uploads\/2022\/12\/Hoel_073-768x1152.jpg 768w, https:\/\/hoel-gaard.no\/wp-content\/uploads\/2022\/12\/Hoel_073-1024x1536.jpg 1024w, https:\/\/hoel-gaard.no\/wp-content\/uploads\/2022\/12\/Hoel_073-1365x2048.jpg 1365w\" sizes=\"(max-width: 1706px) 100vw, 1706px\" \/><\/figure>\n\n<\/div><\/div><\/div>\n\n<div class=\"gb-grid-column gb-grid-column-98ff6f6b\"><div class=\"gb-container gb-container-98ff6f6b\"><div class=\"gb-inside-container\">\n\n<h2 class=\"gb-headline gb-headline-9544f1b7 gb-headline-text\"><em>TITLE.<\/em><\/h2>\n\n\n\n<p>Text.<\/p>\n\n<\/div><\/div><\/div>\n<\/div>\n<\/div><\/div><div class=\"gb-container gb-container-bd57d562 gb-container-base\"><div class=\"gb-inside-container\">\n<div class=\"gb-grid-wrapper gb-grid-wrapper-094522fe gb-grid-wrapper-44dce09e\">\n<div class=\"gb-grid-column gb-grid-column-1bed15a5\"><div class=\"gb-container gb-container-1bed15a5\"><div class=\"gb-inside-container\">\n\n<h2 class=\"gb-headline gb-headline-5eb05e17 gb-headline-text\"><em>&#8220;Quote.<\/em><em>.&#8221;<\/em><\/h2>\n\n<\/div><\/div><\/div>\n\n<div class=\"gb-grid-column gb-grid-column-102c4ba2\"><div class=\"gb-container gb-container-102c4ba2\"><div class=\"gb-inside-container\">\n\n<figure class=\"gb-block-image gb-block-image-80c34bb1\"><img decoding=\"async\" width=\"1707\" height=\"2560\" class=\"gb-image gb-image-80c34bb1 gb-image-grid-image\" src=\"https:\/\/hoel-gaard.no\/wp-content\/uploads\/2022\/12\/Hoel_083-scaled.jpg\" alt=\"\" title=\"Hoel_083\" srcset=\"https:\/\/hoel-gaard.no\/wp-content\/uploads\/2022\/12\/Hoel_083-scaled.jpg 1707w, https:\/\/hoel-gaard.no\/wp-content\/uploads\/2022\/12\/Hoel_083-200x300.jpg 200w, https:\/\/hoel-gaard.no\/wp-content\/uploads\/2022\/12\/Hoel_083-683x1024.jpg 683w, https:\/\/hoel-gaard.no\/wp-content\/uploads\/2022\/12\/Hoel_083-768x1152.jpg 768w, https:\/\/hoel-gaard.no\/wp-content\/uploads\/2022\/12\/Hoel_083-1024x1536.jpg 1024w, https:\/\/hoel-gaard.no\/wp-content\/uploads\/2022\/12\/Hoel_083-1365x2048.jpg 1365w\" sizes=\"(max-width: 1707px) 100vw, 1707px\" \/><\/figure>\n\n<\/div><\/div><\/div>\n<\/div>\n<\/div><\/div><div class=\"gb-container gb-container-2ad7e611 gb-container-base\"><div class=\"gb-inside-container\">\n\n<figure class=\"gb-block-image gb-block-image-f1923d5a\"><img decoding=\"async\" width=\"2560\" height=\"1706\" class=\"gb-image gb-image-f1923d5a gb-image-grid-image\" src=\"https:\/\/hoel-gaard.no\/wp-content\/uploads\/2022\/12\/Hoel_090-scaled.jpg\" alt=\"\" title=\"Hoel_090\" srcset=\"https:\/\/hoel-gaard.no\/wp-content\/uploads\/2022\/12\/Hoel_090-scaled.jpg 2560w, https:\/\/hoel-gaard.no\/wp-content\/uploads\/2022\/12\/Hoel_090-300x200.jpg 300w, https:\/\/hoel-gaard.no\/wp-content\/uploads\/2022\/12\/Hoel_090-1024x683.jpg 1024w, https:\/\/hoel-gaard.no\/wp-content\/uploads\/2022\/12\/Hoel_090-768x512.jpg 768w, https:\/\/hoel-gaard.no\/wp-content\/uploads\/2022\/12\/Hoel_090-1536x1024.jpg 1536w, https:\/\/hoel-gaard.no\/wp-content\/uploads\/2022\/12\/Hoel_090-2048x1365.jpg 2048w\" sizes=\"(max-width: 2560px) 100vw, 2560px\" \/><\/figure>\n\n<\/div><\/div>","protected":false},"excerpt":{"rendered":"","protected":false},"author":1,"featured_media":0,"parent":0,"menu_order":23,"comment_status":"closed","ping_status":"closed","template":"","meta":{"_acf_changed":false,"_kad_blocks_custom_css":"","_kad_blocks_head_custom_js":"","_kad_blocks_body_custom_js":"","_kad_blocks_footer_custom_js":"","pgc_sgb_lightbox_settings":"","footnotes":""},"class_list":["post-5296","page","type-page","status-publish"],"acf":[],"yoast_head":"<!-- This site is optimized with the Yoast SEO plugin v27.5 - https:\/\/yoast.com\/product\/yoast-seo-wordpress\/ -->\n<title>Farm operations - Hoel G\u00e5rd | Herreg\u00e5rden ved Mj\u00f8sa<\/title>\n<meta name=\"robots\" content=\"index, follow, max-snippet:-1, max-image-preview:large, max-video-preview:-1\" \/>\n<link rel=\"canonical\" href=\"https:\/\/hoel-gaard.no\/en\/farm-operations\/\" \/>\n<meta property=\"og:locale\" content=\"en_US\" \/>\n<meta property=\"og:type\" content=\"article\" \/>\n<meta property=\"og:title\" content=\"Farm operations - Hoel G\u00e5rd | Herreg\u00e5rden ved Mj\u00f8sa\" \/>\n<meta property=\"og:url\" content=\"https:\/\/hoel-gaard.no\/en\/farm-operations\/\" \/>\n<meta property=\"og:site_name\" content=\"Hoel G\u00e5rd | Herreg\u00e5rden ved Mj\u00f8sa\" \/>\n<meta property=\"article:publisher\" content=\"https:\/\/www.facebook.com\/Hoelgard\/\" \/>\n<meta property=\"article:modified_time\" content=\"2025-09-08T07:01:54+00:00\" \/>\n<meta property=\"og:image\" content=\"https:\/\/hoel-gaard.no\/wp-content\/uploads\/2022\/12\/oivindhaug_Hoel_Gard_13-10-22_1994-scaled.jpg\" \/>\n<meta name=\"twitter:card\" content=\"summary_large_image\" \/>\n<script type=\"application\/ld+json\" class=\"yoast-schema-graph\">{\"@context\":\"https:\\\/\\\/schema.org\",\"@graph\":[{\"@type\":\"WebPage\",\"@id\":\"https:\\\/\\\/hoel-gaard.no\\\/en\\\/farm-operations\\\/\",\"url\":\"https:\\\/\\\/hoel-gaard.no\\\/en\\\/farm-operations\\\/\",\"name\":\"Farm operations - Hoel G\u00e5rd | Herreg\u00e5rden ved Mj\u00f8sa\",\"isPartOf\":{\"@id\":\"https:\\\/\\\/hoel-gaard.no\\\/#website\"},\"primaryImageOfPage\":{\"@id\":\"https:\\\/\\\/hoel-gaard.no\\\/en\\\/farm-operations\\\/#primaryimage\"},\"image\":{\"@id\":\"https:\\\/\\\/hoel-gaard.no\\\/en\\\/farm-operations\\\/#primaryimage\"},\"thumbnailUrl\":\"https:\\\/\\\/hoel-gaard.no\\\/wp-content\\\/uploads\\\/2022\\\/12\\\/oivindhaug_Hoel_Gard_13-10-22_1994-scaled.jpg\",\"datePublished\":\"2022-12-14T11:48:31+00:00\",\"dateModified\":\"2025-09-08T07:01:54+00:00\",\"breadcrumb\":{\"@id\":\"https:\\\/\\\/hoel-gaard.no\\\/en\\\/farm-operations\\\/#breadcrumb\"},\"inLanguage\":\"en-US\",\"potentialAction\":[{\"@type\":\"ReadAction\",\"target\":[\"https:\\\/\\\/hoel-gaard.no\\\/en\\\/farm-operations\\\/\"]}]},{\"@type\":\"ImageObject\",\"inLanguage\":\"en-US\",\"@id\":\"https:\\\/\\\/hoel-gaard.no\\\/en\\\/farm-operations\\\/#primaryimage\",\"url\":\"https:\\\/\\\/hoel-gaard.no\\\/wp-content\\\/uploads\\\/2022\\\/12\\\/oivindhaug_Hoel_Gard_13-10-22_1994-scaled.jpg\",\"contentUrl\":\"https:\\\/\\\/hoel-gaard.no\\\/wp-content\\\/uploads\\\/2022\\\/12\\\/oivindhaug_Hoel_Gard_13-10-22_1994-scaled.jpg\"},{\"@type\":\"BreadcrumbList\",\"@id\":\"https:\\\/\\\/hoel-gaard.no\\\/en\\\/farm-operations\\\/#breadcrumb\",\"itemListElement\":[{\"@type\":\"ListItem\",\"position\":1,\"name\":\"Hjem\",\"item\":\"https:\\\/\\\/hoel-gaard.no\\\/en\\\/\"},{\"@type\":\"ListItem\",\"position\":2,\"name\":\"Farm operations\"}]},{\"@type\":\"WebSite\",\"@id\":\"https:\\\/\\\/hoel-gaard.no\\\/#website\",\"url\":\"https:\\\/\\\/hoel-gaard.no\\\/\",\"name\":\"Hoel G\u00e5rd | Herreg\u00e5rden ved Mj\u00f8sa\",\"description\":\"Herreg\u00e5rden ved Mj\u00f8sa\",\"publisher\":{\"@id\":\"https:\\\/\\\/hoel-gaard.no\\\/#organization\"},\"potentialAction\":[{\"@type\":\"SearchAction\",\"target\":{\"@type\":\"EntryPoint\",\"urlTemplate\":\"https:\\\/\\\/hoel-gaard.no\\\/?s={search_term_string}\"},\"query-input\":{\"@type\":\"PropertyValueSpecification\",\"valueRequired\":true,\"valueName\":\"search_term_string\"}}],\"inLanguage\":\"en-US\"},{\"@type\":\"Organization\",\"@id\":\"https:\\\/\\\/hoel-gaard.no\\\/#organization\",\"name\":\"Hoel G\u00e5rd | Herreg\u00e5rden ved Mj\u00f8sa\",\"url\":\"https:\\\/\\\/hoel-gaard.no\\\/\",\"logo\":{\"@type\":\"ImageObject\",\"inLanguage\":\"en-US\",\"@id\":\"https:\\\/\\\/hoel-gaard.no\\\/#\\\/schema\\\/logo\\\/image\\\/\",\"url\":\"https:\\\/\\\/hoel-gaard.no\\\/wp-content\\\/uploads\\\/2022\\\/06\\\/HG_logo_skrift.svg\",\"contentUrl\":\"https:\\\/\\\/hoel-gaard.no\\\/wp-content\\\/uploads\\\/2022\\\/06\\\/HG_logo_skrift.svg\",\"width\":220,\"height\":35,\"caption\":\"Hoel G\u00e5rd | Herreg\u00e5rden ved Mj\u00f8sa\"},\"image\":{\"@id\":\"https:\\\/\\\/hoel-gaard.no\\\/#\\\/schema\\\/logo\\\/image\\\/\"},\"sameAs\":[\"https:\\\/\\\/www.facebook.com\\\/Hoelgard\\\/\"]}]}<\/script>\n<!-- \/ Yoast SEO plugin. -->","yoast_head_json":{"title":"Farm operations - Hoel G\u00e5rd | Herreg\u00e5rden ved Mj\u00f8sa","robots":{"index":"index","follow":"follow","max-snippet":"max-snippet:-1","max-image-preview":"max-image-preview:large","max-video-preview":"max-video-preview:-1"},"canonical":"https:\/\/hoel-gaard.no\/en\/farm-operations\/","og_locale":"en_US","og_type":"article","og_title":"Farm operations - Hoel G\u00e5rd | Herreg\u00e5rden ved Mj\u00f8sa","og_url":"https:\/\/hoel-gaard.no\/en\/farm-operations\/","og_site_name":"Hoel G\u00e5rd | Herreg\u00e5rden ved Mj\u00f8sa","article_publisher":"https:\/\/www.facebook.com\/Hoelgard\/","article_modified_time":"2025-09-08T07:01:54+00:00","og_image":[{"url":"https:\/\/hoel-gaard.no\/wp-content\/uploads\/2022\/12\/oivindhaug_Hoel_Gard_13-10-22_1994-scaled.jpg","type":"","width":"","height":""}],"twitter_card":"summary_large_image","schema":{"@context":"https:\/\/schema.org","@graph":[{"@type":"WebPage","@id":"https:\/\/hoel-gaard.no\/en\/farm-operations\/","url":"https:\/\/hoel-gaard.no\/en\/farm-operations\/","name":"Farm operations - Hoel G\u00e5rd | Herreg\u00e5rden ved Mj\u00f8sa","isPartOf":{"@id":"https:\/\/hoel-gaard.no\/#website"},"primaryImageOfPage":{"@id":"https:\/\/hoel-gaard.no\/en\/farm-operations\/#primaryimage"},"image":{"@id":"https:\/\/hoel-gaard.no\/en\/farm-operations\/#primaryimage"},"thumbnailUrl":"https:\/\/hoel-gaard.no\/wp-content\/uploads\/2022\/12\/oivindhaug_Hoel_Gard_13-10-22_1994-scaled.jpg","datePublished":"2022-12-14T11:48:31+00:00","dateModified":"2025-09-08T07:01:54+00:00","breadcrumb":{"@id":"https:\/\/hoel-gaard.no\/en\/farm-operations\/#breadcrumb"},"inLanguage":"en-US","potentialAction":[{"@type":"ReadAction","target":["https:\/\/hoel-gaard.no\/en\/farm-operations\/"]}]},{"@type":"ImageObject","inLanguage":"en-US","@id":"https:\/\/hoel-gaard.no\/en\/farm-operations\/#primaryimage","url":"https:\/\/hoel-gaard.no\/wp-content\/uploads\/2022\/12\/oivindhaug_Hoel_Gard_13-10-22_1994-scaled.jpg","contentUrl":"https:\/\/hoel-gaard.no\/wp-content\/uploads\/2022\/12\/oivindhaug_Hoel_Gard_13-10-22_1994-scaled.jpg"},{"@type":"BreadcrumbList","@id":"https:\/\/hoel-gaard.no\/en\/farm-operations\/#breadcrumb","itemListElement":[{"@type":"ListItem","position":1,"name":"Hjem","item":"https:\/\/hoel-gaard.no\/en\/"},{"@type":"ListItem","position":2,"name":"Farm operations"}]},{"@type":"WebSite","@id":"https:\/\/hoel-gaard.no\/#website","url":"https:\/\/hoel-gaard.no\/","name":"Hoel G\u00e5rd | Herreg\u00e5rden ved Mj\u00f8sa","description":"Herreg\u00e5rden ved Mj\u00f8sa","publisher":{"@id":"https:\/\/hoel-gaard.no\/#organization"},"potentialAction":[{"@type":"SearchAction","target":{"@type":"EntryPoint","urlTemplate":"https:\/\/hoel-gaard.no\/?s={search_term_string}"},"query-input":{"@type":"PropertyValueSpecification","valueRequired":true,"valueName":"search_term_string"}}],"inLanguage":"en-US"},{"@type":"Organization","@id":"https:\/\/hoel-gaard.no\/#organization","name":"Hoel G\u00e5rd | Herreg\u00e5rden ved Mj\u00f8sa","url":"https:\/\/hoel-gaard.no\/","logo":{"@type":"ImageObject","inLanguage":"en-US","@id":"https:\/\/hoel-gaard.no\/#\/schema\/logo\/image\/","url":"https:\/\/hoel-gaard.no\/wp-content\/uploads\/2022\/06\/HG_logo_skrift.svg","contentUrl":"https:\/\/hoel-gaard.no\/wp-content\/uploads\/2022\/06\/HG_logo_skrift.svg","width":220,"height":35,"caption":"Hoel G\u00e5rd | Herreg\u00e5rden ved Mj\u00f8sa"},"image":{"@id":"https:\/\/hoel-gaard.no\/#\/schema\/logo\/image\/"},"sameAs":["https:\/\/www.facebook.com\/Hoelgard\/"]}]}},"taxonomy_info":[],"featured_image_src_large":false,"author_info":{"display_name":"Rikard Andresen","author_link":"https:\/\/hoel-gaard.no\/en\/author\/rikard-andresen\/"},"comment_info":0,"_links":{"self":[{"href":"https:\/\/hoel-gaard.no\/en\/wp-json\/wp\/v2\/pages\/5296","targetHints":{"allow":["GET"]}}],"collection":[{"href":"https:\/\/hoel-gaard.no\/en\/wp-json\/wp\/v2\/pages"}],"about":[{"href":"https:\/\/hoel-gaard.no\/en\/wp-json\/wp\/v2\/types\/page"}],"author":[{"embeddable":true,"href":"https:\/\/hoel-gaard.no\/en\/wp-json\/wp\/v2\/users\/1"}],"replies":[{"embeddable":true,"href":"https:\/\/hoel-gaard.no\/en\/wp-json\/wp\/v2\/comments?post=5296"}],"version-history":[{"count":1,"href":"https:\/\/hoel-gaard.no\/en\/wp-json\/wp\/v2\/pages\/5296\/revisions"}],"predecessor-version":[{"id":5297,"href":"https:\/\/hoel-gaard.no\/en\/wp-json\/wp\/v2\/pages\/5296\/revisions\/5297"}],"wp:attachment":[{"href":"https:\/\/hoel-gaard.no\/en\/wp-json\/wp\/v2\/media?parent=5296"}],"curies":[{"name":"wp","href":"https:\/\/api.w.org\/{rel}","templated":true}]}}